{"id":56,"date":"2016-03-13T22:00:05","date_gmt":"2016-03-13T19:00:05","guid":{"rendered":"http:\/\/all-finance.de\/?page_id=56"},"modified":"2026-03-28T21:33:50","modified_gmt":"2026-03-28T18:33:50","slug":"deutsch-home","status":"publish","type":"page","link":"https:\/\/all-finance.de\/ru\/","title":{"rendered":"Home"},"content":{"rendered":"<p><\/p>\n<div class=\"home_top\">\n<p><strong>\u041f\u043e\u044d\u0442\u043e\u043c\u0443 \u0432\u044b \u043d\u0430\u0445\u043e\u0434\u0438\u0442\u0435\u0441\u044c \u0432 \u043d\u0430\u0434\u0451\u0436\u043d\u044b\u0445 \u0440\u0443\u043a\u0430\u0445!<\/strong><\/p>\n<p>\u0421\u0442\u0440\u0430\u0445\u043e\u0432\u0430\u043d\u0438\u0435 \u043c\u043e\u0436\u043d\u043e \u0437\u0430\u043a\u043b\u044e\u0447\u0438\u0442\u044c \u0432 \u043d\u0430\u0448\u0438 \u0434\u043d\u0438 \u0432\u0435\u0437\u0434\u0435: \u0443 \u043f\u0440\u0435\u0434\u0441\u0442\u0430\u0432\u0438\u0442\u0435\u043b\u044f \u0441\u0442\u0440\u0430\u0445\u043e\u0432\u044b\u0445 \u043a\u043e\u043c\u043f\u0430\u043d\u0438\u0439 (Versicherungsvertreter), \u0431\u0430\u043d\u043a\u043e\u0432, \u043e\u043d\u043b\u0430\u0439\u043d \u0441\u0442\u0440\u0430\u0445\u043e\u0432\u044b\u0445 \u043a\u043e\u043c\u043f\u0430\u043d\u0438\u0439, \u043b\u0438\u0431\u043e \u043d\u0435\u043f\u043e\u0441\u0440\u0435\u0434\u0441\u0442\u0432\u0435\u043d\u043d\u043e \u0441 \u043f\u043e\u043c\u043e\u0449\u044c\u044e \u043d\u0435\u0441\u043a\u043e\u043b\u044c\u043a\u0438\u0445 \u0449\u0435\u043b\u0447\u043a\u043e\u0432 \u043c\u044b\u0448\u043a\u0438 \u0432 \u043b\u044e\u0431\u043e\u043c \u043c\u0435\u0441\u0442\u0435 \u0432 \u0438\u043d\u0442\u0435\u0440\u043d\u0435\u0442\u0435. \u041f\u043e\u0447\u0435\u043c\u0443 \u0432\u044b \u0434\u043e\u043b\u0436\u043d\u044b \u0442\u0435\u043c \u043d\u0435 \u043c\u0435\u043d\u0435\u0435 \u043e\u0431\u0440\u0430\u0442\u0438\u0442\u044c\u0441\u044f \u043a \u0441\u0442\u0440\u0430\u0445\u043e\u0432\u043e\u043c\u0443 \u0431\u0440\u043e\u043a\u0435\u0440\u0443 \u0438 \u043f\u043e\u0447\u0435\u043c\u0443 \u0438\u043c\u0435\u043d\u043d\u043e \u043a \u043d\u0430\u043c?<\/p>\n<p>\u042d\u0442\u043e \u043f\u0440\u043e\u0441\u0442\u043e: \u043b\u0438\u0431\u043e \u0432\u044b \u043f\u0440\u0438 \u0437\u0430\u043a\u043b\u044e\u0447\u0435\u043d\u0438\u0438 \u0441\u0442\u0440\u0430\u0445\u043e\u0432\u043a\u0438 \u0438 \u0432\u043e\u0437\u043d\u0438\u043a\u043d\u043e\u0432\u0435\u043d\u0438\u0438 \u0443\u0449\u0435\u0440\u0431\u0430 \u043f\u043e\u043b\u0430\u0433\u0430\u0435\u0442\u0435\u0441\u044c \u0442\u043e\u043b\u044c\u043a\u043e \u043d\u0430 \u0441\u0435\u0431\u044f (\u043d\u0430\u043f\u0440\u0438\u043c\u0435\u0440 \u043f\u0440\u0438 \u0437\u0430\u043a\u043b\u044e\u0447\u0435\u043d\u0438\u0438 \u0441\u0442\u0440\u0430\u0445\u043e\u0432\u043a\u0438 \u0447\u0435\u0440\u0435\u0437 \u0438\u043d\u0442\u0435\u0440\u043d\u0435\u0442) \u0438\u043b\u0438 \u0436\u0435 \u0443 \u0432\u0430\u0441 \u0435\u0441\u0442\u044c \u043f\u0440\u0435\u0434\u0441\u0442\u0430\u0432\u0438\u0442\u0435\u043b\u044c \u0441\u0442\u0440\u0430\u0445\u043e\u0432\u043e\u0439 \u043a\u043e\u043c\u043f\u0430\u043d\u0438\u0438 (Versicherungsvertreter), \u043a\u043e\u0442\u043e\u0440\u044b\u0439 \u043f\u0440\u0435\u0434\u0441\u0442\u0430\u0432\u043b\u044f\u0435\u0442 \u043d\u0435 \u0432\u0430\u0441, \u0430 \u0441\u0432\u043e\u044e \u0441\u0442\u0440\u0430\u0445\u043e\u0432\u0443\u044e \u043a\u043e\u043c\u043f\u0430\u043d\u0438\u044e &#8212; \u0447\u0442\u043e \u0441\u043e\u0431\u0441\u0442\u0432\u0435\u043d\u043d\u043e \u0443 \u043f\u0440\u0435\u0434\u0441\u0442\u0430\u0432\u0438\u0442\u0435\u043b\u044f(Vertreter) \u0438 \u0437\u0430\u043b\u043e\u0436\u0435\u043d\u043e \u0432 \u043d\u0430\u0437\u0432\u0430\u043d\u0438\u0438 \u043f\u0440\u043e\u0444\u0435\u0441\u0441\u0438\u0438.<\/p>\n<p>\u0422\u043e\u043b\u044c\u043a\u043e \u0443 \u0441\u0442\u0440\u0430\u0445\u043e\u0432\u043e\u0433\u043e \u0431\u0440\u043e\u043a\u0435\u0440\u0430 (Versicherungsmakler) \u0432\u044b \u044f\u0432\u043b\u044f\u0435\u0442\u0435\u0441\u044c \u0437\u0430\u043a\u0430\u0437\u0447\u0438\u043a\u043e\u043c \u043f\u0440\u0435\u0434\u043e\u0441\u0442\u0430\u0432\u043b\u044f\u0435\u043c\u043e\u0439 \u0443\u0441\u043b\u0443\u0433\u0438. \u0421\u0442\u0440\u0430\u0445\u043e\u0432\u043e\u0439 \u0431\u0440\u043e\u043a\u0435\u0440 \u043f\u0440\u0435\u0434\u0441\u0442\u0430\u0432\u043b\u044f\u0435\u0442 \u0432\u0430\u0441 \u0430 \u043d\u0435 \u0441\u0442\u0440\u0430\u0445\u043e\u0432\u0443\u044e \u043a\u043e\u043c\u043f\u0430\u043d\u0438\u044e. \u0422\u043e\u043b\u044c\u043a\u043e \u0443 \u0441\u0442\u0440\u0430\u0445\u043e\u0432\u043e\u0433\u043e \u0431\u0440\u043e\u043a\u0435\u0440\u0430 \u043d\u0430\u0445\u043e\u0434\u0438\u0442\u0435\u0441\u044c \u0432\u044b \u0438 \u0432\u0430\u0448 \u0437\u0430\u043a\u0430\u0437 \u0432 \u0446\u0435\u043d\u0442\u0440\u0435 \u0432\u043d\u0438\u043c\u0430\u043d\u0438\u044f, \u043a\u043e\u043d\u0442\u0440\u043e\u043b\u0438\u0440\u0443\u0435\u0442\u0435 \u0441\u0438\u0442\u0443\u0430\u0446\u0438\u044e \u0438 \u0432\u0440\u0435\u043c\u044f.<\/p>\n<p>\u041c\u044b \u0440\u0430\u0431\u043e\u0442\u0430\u0435\u043c \u0441 2004 \u0433\u043e\u0434\u0430 \u043a\u0430\u043a \u0441\u0442\u0440\u0430\u0445\u043e\u0432\u043e\u0439 \u0431\u0440\u043e\u043a\u0435\u0440. \u041d\u0430\u0448\u0435 \u0432\u043d\u0438\u043c\u0430\u043d\u0438\u0435 \u0441\u043e\u0441\u0440\u0435\u0434\u043e\u0442\u043e\u0447\u0435\u043d\u043e \u043d\u0430 \u0446\u0435\u043b\u043e\u0441\u0442\u043d\u043e\u043c \u043a\u043e\u043d\u0441\u0443\u043b\u044c\u0442\u0438\u0440\u043e\u0432\u0430\u043d\u0438\u0438 \u0438 \u0443\u0441\u043b\u0443\u0433\u0430\u0445 \u0432\u043e\u043a\u0440\u0443\u0433 \u0444\u0438\u043d\u0430\u043d\u0441\u043e\u0432 \u0434\u043b\u044f \u0447\u0430\u0441\u0442\u043d\u044b\u0445 \u043a\u043b\u0438\u0435\u043d\u0442\u043e\u0432, \u043c\u0430\u043b\u044b\u0445 \u0438 \u0441\u0440\u0435\u0434\u043d\u0438\u0445 \u043f\u0440\u0435\u0434\u043f\u0440\u0438\u044f\u0442\u0438\u0439. \u0418\u043d\u0432\u0435\u0441\u0442\u0438\u0446\u0438\u0438, \u043d\u0435\u0434\u0432\u0438\u0436\u0438\u043c\u043e\u0441\u0442\u044c \u0438 \u0444\u0438\u043d\u0430\u043d\u0441\u0438\u0440\u043e\u0432\u0430\u043d\u0438\u0435 \u0434\u043e\u043f\u043e\u043b\u043d\u044f\u044e\u0442 \u0441\u0444\u0435\u0440\u0443 \u043d\u0430\u0448\u0438\u0445 \u0443\u0441\u043b\u0443\u0433.<\/p>\n<div class=\"blocks3\">\n<div class=\"block\">\n<div id=\"attachment_1489\" style=\"width: 307px\" class=\"wp-caption alignnone\"><img loading=\"lazy\" decoding=\"async\" aria-describedby=\"caption-attachment-1489\" class=\"wp-image-1489 size-full\" src=\"https:\/\/all-finance.de\/wp-content\/uploads\/2017\/03\/Fotolia_107163116_XS-e1490389847983.jpg\" alt=\"\" width=\"297\" height=\"197\" \/><p id=\"caption-attachment-1489\" class=\"wp-caption-text\">\u00a9 Rido, fotolia.com #107163116<\/p><\/div>\n<h4>\u0427\u0430\u0441\u0442\u043d\u043e\u0435 \u0441\u0442\u0440\u0430\u0445\u043e\u0432\u0430\u043d\u0438\u0435<\/h4>\n<p>\u0412\u044b \u0438\u0449\u0435\u0442\u0435 \u0445\u043e\u0440\u043e\u0448\u0435\u0435 \u0438 \u0434\u0435\u0448\u0435\u0432\u043e\u0435 \u0441\u0442\u0440\u0430\u0445\u043e\u0432\u0430\u043d\u0438\u0435 \u0434\u043b\u044f \u0441\u0435\u0431\u044f \u0438\u043b\u0438 \u0441\u0432\u043e\u0435\u0439 \u0441\u0435\u043c\u044c\u0438? \u0417\u0434\u0435\u0441\u044c \u0432\u044b \u043d\u0430\u0439\u0434\u0435\u0442\u0435 \u043f\u0440\u0430\u0432\u0438\u043b\u044c\u043d\u0443\u044e \u0437\u0430\u0449\u0438\u0442\u0443 \u0434\u043b\u044f \u043b\u044e\u0431\u044b\u0445 \u043d\u0443\u0436\u0434.<\/p>\n<ul>\n<li><a href=\"\/ru\/privatkunden\/risiko-vorsorge-versicherung\/berufs-unfaehigkeit-versicherung\/\">\u0418\u043d\u0432\u0430\u043b\u0438\u0434\u043d\u043e\u0441\u0442\u044c<\/a><\/li>\n<li><a href=\"\/ru\/privatkunden\/gesundheit\/private-kranken-versicherung\/\">M\u0435\u0434\u0438\u0446\u0438\u043d\u0441\u043a\u043e\u0435 c\u0442\u0440\u0430\u0445\u043e\u0432\u0430\u043d\u0438\u0435<\/a><\/li>\n<li><a href=\"\/ru\/privatkunden\/gesundheit\/zahnzusatzversicherung\/\">\u041b\u0435\u0447\u0435\u043d\u0438\u0435 \u0437\u0443\u0431\u043e\u0432<\/a><\/li>\n<li><a href=\"\/ru\/privatkunden\/risiko-vorsorge-versicherung\/risikolebensversicherung\/\">\u0421\u0442\u0440\u0430\u0445\u043e\u0432\u0430\u043d\u0438\u0435 \u0436\u0438\u0437\u043d\u0438<\/a><\/li>\n<li><a href=\"\/ru\/privatkunden\/pflege-versicherung\/private-pflege-zusatz-versicherung\/\">C\u0442\u0440\u0430\u0445\u043e\u0432\u0430\u043d\u0438\u0435 \u043f\u043e \u0443\u0445\u043e\u0434\u0443<\/a><\/li>\n<li><a href=\"\/ru\/privatkunden\/haus-recht\/rechtschutz-versicherung\/\">\u041f\u0440\u0430\u0432\u043e\u0432\u0430\u044f \u0437\u0430\u0449\u0438\u0442\u0430<\/a><\/li>\n<li><a href=\"\/ru\/privatkunden\/kfz-haftpflicht-versicherung\/privathaftpflicht-versicherung\/\">\u041b\u0438\u0447\u043d\u0430\u044f \u043e\u0442\u0432\u0435\u0442\u0441\u0442\u0432\u0435\u043d\u043d\u043e\u0441\u0442\u044c<\/a><\/li>\n<li><a href=\"\/ru\/privatkunden\/kfz-haftpflicht-versicherung\/strahovanie-avtomobilya\/\">\u0410\u0432\u0442\u043e<\/a><\/li>\n<\/ul>\n<\/div>\n<div class=\"block\">\n<div id=\"attachment_1485\" style=\"width: 307px\" class=\"wp-caption alignnone\"><img loading=\"lazy\" decoding=\"async\" aria-describedby=\"caption-attachment-1485\" class=\"wp-image-1485 size-full\" src=\"https:\/\/all-finance.de\/wp-content\/uploads\/2017\/03\/Fotolia_101145590_XS-e1490388586410.jpg\" alt=\"\" width=\"297\" height=\"198\" \/><p id=\"caption-attachment-1485\" class=\"wp-caption-text\">\u00a9 Robert Kneschke, fotolia.com #101145590<\/p><\/div>\n<h4>\u0421\u0442\u0440\u0430\u0445\u043e\u0432\u0430\u043d\u0438\u0435 \u043f\u0440\u0435\u0434\u043f\u0440\u0438\u043d\u0438\u043c\u0430\u0442\u0435\u043b\u0435\u0439<\/h4>\n<p style=\"text-align: justify;\">\u0427\u0442\u043e \u043e\u0437\u043d\u0430\u0447\u0430\u0435\u0442 \u0441\u0442\u0440\u0430\u0445\u043e\u0432\u0430\u043d\u0438\u0435 \u043e\u0442\u0432\u0435\u0442\u0441\u0442\u0432\u0435\u043d\u043d\u043e\u0441\u0442\u0438?<\/p>\n<p style=\"text-align: justify;\">\u0421\u0442\u0440\u0430\u0445\u043e\u0432\u0430\u043d\u0438\u0435 \u043e\u0442\u0432\u0435\u0442\u0441\u0442\u0432\u0435\u043d\u043d\u043e\u0441\u0442\u0438 \u043f\u043e\u043a\u0440\u044b\u0432\u0430\u0435\u0442 \u0440\u0438\u0441\u043a\u0438 \u043a\u043e\u043c\u043f\u0430\u043d\u0438\u0439, \u043f\u0440\u0435\u0434\u043f\u0440\u0438\u044f\u0442\u0438\u0439 \u0438 \u043f\u0440\u0435\u0434\u043f\u0440\u0438\u043d\u0438\u043c\u0430\u0442\u0435\u043b\u0435\u0439. \u042d\u0442\u043e \u0441\u0430\u043c\u043e\u0435 \u0432\u0430\u0436\u043d\u043e\u0435 \u0441\u0442\u0440\u0430\u0445\u043e\u0432\u0430\u043d\u0438\u0435 \u0432\u043e\u0437\u043d\u0438\u043a\u0430\u044e\u0449\u0435\u0435 \u043d\u0430 \u043e\u0441\u043d\u043e\u0432\u0430\u043d\u0438\u0438 \u0437\u0430\u043a\u043e\u043d\u043e\u0434\u0430\u0442\u0435\u043b\u044c\u0441\u0442\u0432\u0430 \u043e\u0442\u0432\u0435\u0442\u0441\u0442\u0432\u0435\u043d\u043d\u043e\u0441\u0442\u0438 \u043f\u0440\u0435\u0434\u043f\u0440\u0438\u044f\u0442\u0438\u044f \u043f\u0435\u0440\u0435\u0434 \u0442\u0440\u0435\u0442\u044c\u0438\u043c\u0438 \u043b\u0438\u0446\u0430\u043c\u0438 \u0438 \u043a\u043b\u0438\u0435\u043d\u0442\u0430\u043c\u0438 \u0432 \u0441\u0432\u044f\u0437\u0438 \u0441 \u043f\u0440\u0438\u0447\u0438\u043d\u0435\u043d\u0438\u0435\u043c \u0438\u043c \u043b\u0438\u0447\u043d\u043e\u0433\u043e \u0438\u043b\u0438 \u0438\u043c\u0443\u0449\u0435\u0441\u0442\u0432\u0435\u043d\u043d\u043e\u0433\u043e \u0432\u0440\u0435\u0434\u0430 \u0430 \u0442\u0430\u043a \u0436\u0435 \u0443\u0449\u0435\u0440\u0431\u0430 \u043e\u043a\u0440\u0443\u0436\u0430\u044e\u0449\u0435\u0439 \u0441\u0440\u0435\u0434\u0435 \u0432 \u0445\u043e\u0434\u0435 \u044d\u043a\u043e\u043d\u043e\u043c\u0438\u0447\u0435\u0441\u043a\u043e\u0439 \u0434\u0435\u044f\u0442\u0435\u043b\u044c\u043d\u043e\u0441\u0442\u0438 \u043f\u0440\u0435\u0434\u043f\u0440\u0438\u044f\u0442\u0438\u044f.<\/p>\n<ul>\n<li><a href=\"\/ru\/geschaeftskunden\/betriebshaftpflicht\/buero-handel-handwerk\/\">\u041e\u0444\u0438\u0441, \u0442\u043e\u0440\u0433\u043e\u0432\u043b\u044f \u0438 \u0440\u0435\u043c\u0435\u0441\u043b\u043e<\/a><\/li>\n<li><a href=\"\/geschaeftskunden\/berufshaftpflicht-vermoegensschaden\/aerzte-zahnaerzte\/\">\u043f\u0440\u043e\u0444\u0435\u0441\u0441\u0438\u043e\u043d\u0430\u043b\u044c\u043d\u0430\u044f \u043e\u0442\u0432\u0435\u0442\u0441\u0442\u0432\u0435\u043d\u043d\u043e\u0441\u0442\u044c<\/a><\/li>\n<li><a href=\"\/ru\/geschaeftskunden\/transportversicherung\/verkehrshaftungsversicherung\/\">\u041e\u0442\u0432\u0435\u0442\u0441\u0442\u0432\u0435\u043d\u043d\u043e\u0441\u0442\u044c \u043f\u0435\u0440\u0435\u0432\u043e\u0437\u0447\u0438\u043a\u0430<\/a><\/li>\n<li><a href=\"\/ru\/geschaeftskunden\/d-o\/manager-organe\/\">\u0421\u0442\u0440\u0430\u0445\u043e\u0432\u0430\u043d\u0438\u0435 D&amp;O<\/a><\/li>\n<li><a href=\"\/ru\/geschaeftskunden\/firmen-rechtsschutz-versicherung\/rechtsschutz-gewerbe\/\">\u041f\u0440\u0430\u0432\u043e\u0432\u0430\u044f \u0437\u0430\u0449\u0438\u0442\u0430<\/a><\/li>\n<li><a href=\"\/ru\/geschaeftskunden\/kfz-versicherung-auto\/kfz-flotte\/\">\u0421\u0442\u0440\u0430\u0445\u043e\u0432\u0430\u043d\u0438\u0435 \u0430\u0432\u0442\u043e\u043f\u0430\u0440\u043a\u043e\u0432<\/a><\/li>\n<\/ul>\n<\/div>\n<div class=\"block_last\">\n<div id=\"attachment_1477\" style=\"width: 307px\" class=\"wp-caption alignnone\"><img loading=\"lazy\" decoding=\"async\" aria-describedby=\"caption-attachment-1477\" class=\"wp-image-1477 size-full\" src=\"https:\/\/all-finance.de\/wp-content\/uploads\/2017\/03\/Fotolia_139816981_XS-e1490379324263.jpg\" alt=\"\" width=\"297\" height=\"198\" \/><p id=\"caption-attachment-1477\" class=\"wp-caption-text\">\u00a9 drubig-photo, fotolia.com #139816981<\/p><\/div>\n<h4>\u041d\u0435\u0434\u0432\u0438\u0436\u0438\u043c\u043e\u0441\u0442\u044c \u0438 \u0444\u0438\u043d\u0430\u043d\u0441\u0438\u0440\u043e\u0432\u0430\u043d\u0438\u0435<\/h4>\n<div class=\"home_top\">\n<p>\u0412\u044b\u0433\u043e\u0434\u043d\u043e\u0435 \u0444\u0438\u043d\u0430\u043d\u0441\u0438\u0440\u043e\u0432\u0430\u043d\u0438\u0435 \u0434\u043e\u043c\u0430 \u0438\u043b\u0438 \u043a\u0432\u0430\u0440\u0442\u0438\u0440\u044b, \u0430 \u0442\u0430\u043a\u0436\u0435 \u0440\u0435\u0444\u0438\u043d\u0430\u043d\u0441\u0438\u0440\u043e\u0432\u0430\u043d\u0438\u0435 \u0432\u0430\u0448\u0435\u0433\u043e \u043a\u0440\u0435\u0434\u0438\u0442\u0430 \u043f\u043e \u043d\u0438\u0437\u043a\u0438\u043c \u043f\u0440\u043e\u0446\u0435\u043d\u0442\u043d\u044b\u043c \u0441\u0442\u0430\u0432\u043a\u0430\u043c.<\/p>\n<p>\u0412\u044b \u0445\u043e\u0442\u0438\u0442\u0435 \u0440\u0435\u0430\u043b\u0438\u0437\u043e\u0432\u0430\u0442\u044c \u0441\u0432\u043e\u044e \u043c\u0435\u0447\u0442\u0443 \u043e \u0447\u0430\u0441\u0442\u043d\u043e\u043c \u0434\u043e\u043c\u0435 \u0438\u043b\u0438 \u043a\u0432\u0430\u0440\u0442\u0438\u0440\u0435? \u0427\u0435\u0433\u043e \u0436\u0435 \u0432\u044b \u0436\u0434\u0451\u0442\u0435, \u043f\u0440\u043e\u0446\u0435\u043d\u0442\u043d\u0430\u044f \u0441\u0442\u0430\u0432\u043a\u0430 \u043d\u0430 \u043d\u0435\u0434\u0432\u0438\u0436\u0438\u043c\u043e\u0441\u0442\u044c \u043d\u0435 \u0431\u044b\u043b\u0430 \u0442\u0430\u043a\u043e\u0439 \u0432\u044b\u0433\u043e\u0434\u043d\u043e\u0439 \u043a\u0430\u043a \u0441\u0435\u0439\u0447\u0430\u0441! \u0427\u0442\u043e \u043f\u043e\u0437\u0432\u043e\u043b\u044f\u0435\u0442 \u0432\u0430\u043c \u043e\u0441\u0443\u0449\u0435\u0441\u0442\u0432\u0438\u0442\u044c \u0441\u0432\u043e\u0451 \u0436\u0435\u043b\u0430\u043d\u0438\u0435 \u0441\u043e\u0431\u0441\u0442\u0432\u0435\u043d\u043d\u043e\u0441\u0442\u0438. \u0421\u0442\u0440\u043e\u0438\u0442\u0435\u043b\u044c\u0441\u0442\u0432\u043e \u0438\u043b\u0438 \u043f\u043e\u043a\u0443\u043f\u043a\u0430 \u043d\u0435\u0434\u0432\u0438\u0436\u0438\u043c\u043e\u0441\u0442\u0438, \u0432\u0435\u0440\u043e\u044f\u0442\u043d\u043e, \u0441\u0430\u043c\u0430\u044f \u0431\u043e\u043b\u044c\u0448\u0430\u044f \u0438\u043d\u0432\u0435\u0441\u0442\u0438\u0446\u0438\u044f \u0432 \u0432\u0430\u0448\u0435\u0439 \u0436\u0438\u0437\u043d\u0438. \u041c\u044b \u0431\u0443\u0434\u0435\u043c \u0441\u043e\u043f\u0440\u043e\u0432\u043e\u0436\u0434\u0430\u0442\u044c \u0432\u0430\u0441 \u043e\u0442 \u043f\u043b\u0430\u043d\u0438\u0440\u043e\u0432\u0430\u043d\u0438\u044f \u043f\u0440\u043e\u0435\u043a\u0442\u0430 \u0444\u0438\u043d\u0430\u043d\u0441\u0438\u0440\u043e\u0432\u0430\u043d\u0438\u044f \u0434\u043e \u0437\u0430\u044f\u0432\u043a\u0438 \u043d\u0430 \u043e\u043f\u043b\u0430\u0442\u0443 \u0432\u0430\u0448\u0435\u0439 \u043d\u0435\u0434\u0432\u0438\u0436\u0438\u043c\u043e\u0441\u0442\u0438 \u0447\u0435\u0440\u0435\u0437 \u0432\u0430\u0448 \u0431\u0430\u043d\u043a.<\/p>\n<\/div>\n<ul>\n<li><a href=\"\/ru\/immobilien\/finanzieren-hypothek\/\">\u0418\u043f\u043e\u0442\u0435\u0447\u043d\u043e\u0435 \u043a\u0440\u0435\u0434\u0438\u0442\u043e\u0432\u0430\u043d\u0438\u0435<\/a><\/li>\n<li><a href=\"\/ru\/immobilien\/kaufen-haus-wohnung\/#\/list1\">\u041a\u0443\u043f\u0438\u0442\u044c \u0434\u043e\u043c \u0438\u043b\u0438 \u043a\u0432\u0430\u0440\u0442\u0438\u0440\u0443<\/a><\/li>\n<li><a href=\"\/ru\/immobilien\/verkaufen-haus-wohnung\/\">\u0425\u043e\u0442\u0438\u0442\u0435 \u043f\u0440\u043e\u0434\u0430\u0442\u044c \u043d\u0435\u0434\u0432\u0438\u0436\u0438\u043c\u043e\u0441\u0442\u044c?<\/a><\/li>\n<\/ul>\n<\/div>\n<\/div>\n<\/div>\n<div class=\"home_top\">\n<p><strong>Deshalb sind Sie bei uns in guten H\u00e4nden!<\/strong><\/p>\n<p>Versicherungen kann man heutzutage \u00fcberall abschlie\u00dfen: Bei Vertretern von Versicherungsgesellschaften, bei Banken, direkt bei Versicherern oder mit wenigen Klicks irgendwo im Internet. Warum sollten Sie dann trotzdem einen Versicherungsmakler aufsuchen &#8212; und dann noch uns?<\/p>\n<p>Das ist schnell erkl\u00e4rt: Entweder sind Sie bei Abschluss und im Schadensfall auf sich allein gestellt (z. B. beim Onlineabschluss) oder Sie haben einen Betreuer, der nicht Sie, sondern sein Versicherungsunternehmen vertritt \u2014 das steckt beim Vertreter ja bereits in der Berufsbezeichnung.<\/p>\n<p>Nur bei einem Versicherungsmakler sind Sie der Auftraggeber f\u00fcr eine zu erbringende Dienstleistung. Nur bei einem Versicherungsmakler stehen Sie und Ihr Auftrag tats\u00e4chlich im Mittelpunkt, behalten immer alle Z\u00fcgel in der Hand und geben den Takt vor.<\/p>\n<p>Wir sind als Versicherungsmakler seit 2004 t\u00e4tig. Unsere Schwerpunkte liegen in ganzheitlicher Beratung und Betreuung rundum Finanzen f\u00fcr Privatkunden und mittelst\u00e4ndischen Unternehmen. Investment und Immobilie-\/Finanzierung runden unsere Finanzdienstleistung ab.<\/p>\n<div class=\"blocks3\">\n<div class=\"block\">\n<div id=\"attachment_1489\" style=\"width: 307px\" class=\"wp-caption alignnone\"><img loading=\"lazy\" decoding=\"async\" aria-describedby=\"caption-attachment-1489\" class=\"wp-image-1489 size-full\" src=\"http:\/\/all-finance.de\/wp-content\/uploads\/2017\/03\/Fotolia_107163116_XS-e1490389847983.jpg\" alt=\"\" width=\"297\" height=\"197\" \/><p id=\"caption-attachment-1489\" class=\"wp-caption-text\">\u00a9 Rido, fotolia.com #107163116<\/p><\/div>\n<h4>Private Versicherungen<\/h4>\n<p>Sie suchen eine gute und g\u00fcnstige Versicherung f\u00fcr sich oder Ihre Familie? Hier finden Sie f\u00fcr jeden Bedarf die richtige Absicherung.<\/p>\n<ul>\n<li><a href=\"\/privatkunden\/risiko-vorsorge-versicherung\/berufs-unfaehigkeit-versicherung\/\">Berufsunf\u00e4higkeit<\/a><\/li>\n<li><a href=\"\/privatkunden\/gesundheit\/private-kranken-versicherung\/\">Private Krankenversicherung<\/a><\/li>\n<li><a href=\"\/privatkunden\/gesundheit\/zahnzusatzversicherung\/\">Zahnzusatzversicherung<\/a><\/li>\n<li><a href=\"\/privatkunden\/risiko-vorsorge-versicherung\/risikolebensversicherung\/\">Risikolebensversicherung<\/a><\/li>\n<li><a href=\"\/privatkunden\/pflege-versicherung\/private-pflege-zusatz-versicherung\/\">Pflegeversicherung<\/a><\/li>\n<li><a href=\"\/privatkunden\/haus-recht\/rechtschutz-versicherung\/\">Rechtsschutzversicherung<\/a><\/li>\n<li><a href=\"\/privatkunden\/kfz-haftpflicht-versicherung\/privathaftpflicht-versicherung\/\">Haftpflichtversicherung<\/a><\/li>\n<li><a href=\"\/privatkunden\/kfz-haftpflicht-versicherung\/strahovanie-avtomobilya\/\">KFZ-Versicherung<\/a><\/li>\n<\/ul>\n<\/div>\n<div class=\"block\">\n<div id=\"attachment_1485\" style=\"width: 307px\" class=\"wp-caption alignnone\"><img loading=\"lazy\" decoding=\"async\" aria-describedby=\"caption-attachment-1485\" class=\"wp-image-1485 size-full\" src=\"https:\/\/all-finance.de\/wp-content\/uploads\/2017\/03\/Fotolia_101145590_XS-e1490388586410.jpg\" alt=\"\" width=\"297\" height=\"198\" \/><p id=\"caption-attachment-1485\" class=\"wp-caption-text\">\u00a9 Robert Kneschke, fotolia.com #101145590<\/p><\/div>\n<h4>Selbst\u00e4ndigkeit<\/h4>\n<p style=\"text-align: left;\"><strong>Was leistet die Betriebshaftpflichtversicherung?<\/strong><\/p>\n<p>Die Betriebshaftpflichtversicherung deckt die Haftpflichtrisiken von Unternehmen, Handwerkern, Freiberuflichen sowie Gewerbetreibenden ab. Es ist die wichtigste Versicherung zur finanziellen Absicherung Ihres Unternehmens bei Personen, Sach- und Verm\u00f6genssch\u00e4den sowie Umweltsch\u00e4den.<br \/>\nDie betriebliche Haftpflichtversicherung pr\u00fcft Schadensersatzanspr\u00fcche Dritter, berechtigte Forderungen werden bis zur H\u00f6he der Versicherungssumme entsch\u00e4digt und unberechtigte Anspr\u00fcche abgewehrt.<\/p>\n<ul>\n<li><a href=\"\/geschaeftskunden\/betriebshaftpflicht\/buero-handel-handwerk\/\">Betriebshaftpflicht<\/a><\/li>\n<li><a href=\"\/geschaeftskunden\/berufshaftpflicht-vermoegensschaden\/aerzte-zahnaerzte\/\">Berufshaftpflicht<\/a><\/li>\n<li><a href=\"\/geschaeftskunden\/transportversicherung\/verkehrshaftungsversicherung\/\">Frachtf\u00fchrer<\/a><\/li>\n<li><a href=\"\/geschaeftskunden\/d-o\/manager-organe\/\">D&amp;O Versicherung<\/a><\/li>\n<li><a href=\"\/geschaeftskunden\/firmen-rechtsschutz-versicherung\/rechtsschutz-gewerbe\/\">Firmen-Rechtsschutz<\/a><\/li>\n<li><a href=\"\/geschaeftskunden\/kfz-versicherung-auto\/kfz-flotte\/\">LKW-Versicherung<\/a><\/li>\n<\/ul>\n<\/div>\n<div class=\"block_last\">\n<div id=\"attachment_1477\" style=\"width: 307px\" class=\"wp-caption alignnone\"><img loading=\"lazy\" decoding=\"async\" aria-describedby=\"caption-attachment-1477\" class=\"wp-image-1477 size-full\" src=\"https:\/\/all-finance.de\/wp-content\/uploads\/2017\/03\/Fotolia_139816981_XS-e1490379324263.jpg\" alt=\"\" width=\"297\" height=\"198\" \/><p id=\"caption-attachment-1477\" class=\"wp-caption-text\">\u00a9 drubig-photo, fotolia.com #139816981<\/p><\/div>\n<h4>Immobilien-Finanzierung<\/h4>\n<p style=\"text-align: left;\"><strong>Haus oder Wohnung g\u00fcnstig finanzieren\/ umschulden.<\/strong><\/p>\n<p>Sie wollen Ihren Traum von eigenem Haus oder Wohnung verwirklichen? Worauf warten Sie noch, die Zeit war nie so g\u00fcnstig wie jetzt! Die aktuelle Niedrigzinsphase l\u00e4sst Ihren Immobilienwunsch wahr werden. Bau oder Kauf einer Immobilie ist wahrscheinlich gr\u00f6\u00dfte Investition in Ihrem Leben. Wir begleiten Sie von der Planung Ihres Finanzierungsvorhabens bis Auszahlungsauftrag an Ihre finanzierende Bank.<\/p>\n<ul>\n<li><a href=\"\/immobilien\/finanzieren-hypothek\/\">Immobilien-Finanzierung<\/a><\/li>\n<li><a href=\"\/immobilien\/kaufen-haus-wohnung\/\">Haus oder Wohnung kaufen<\/a><\/li>\n<li><a href=\"\/immobilien\/verkaufen-haus-wohnung\/\">Immobilie verkaufen<\/a><\/li>\n<\/ul>\n<\/div>\n<\/div>\n<\/div>\n<p><\/p>","protected":false},"excerpt":{"rendered":"<p>\u041f\u043e\u044d\u0442\u043e\u043c\u0443 \u0432\u044b \u043d\u0430\u0445\u043e\u0434\u0438\u0442\u0435\u0441\u044c \u0432 \u043d\u0430\u0434\u0451\u0436\u043d\u044b\u0445 \u0440\u0443\u043a\u0430\u0445! \u0421\u0442\u0440\u0430\u0445\u043e\u0432\u0430\u043d\u0438\u0435 \u043c\u043e\u0436\u043d\u043e \u0437\u0430\u043a\u043b\u044e\u0447\u0438\u0442\u044c \u0432 \u043d\u0430\u0448\u0438 \u0434\u043d\u0438 \u0432\u0435\u0437\u0434\u0435: \u0443 \u043f\u0440\u0435\u0434\u0441\u0442\u0430\u0432\u0438\u0442\u0435\u043b\u044f \u0441\u0442\u0440\u0430\u0445\u043e\u0432\u044b\u0445 \u043a\u043e\u043c\u043f\u0430\u043d\u0438\u0439 (Versicherungsvertreter), \u0431\u0430\u043d\u043a\u043e\u0432, \u043e\u043d\u043b\u0430\u0439\u043d \u0441\u0442\u0440\u0430\u0445\u043e\u0432\u044b\u0445 \u043a\u043e\u043c\u043f\u0430\u043d\u0438\u0439, \u043b\u0438\u0431\u043e \u043d\u0435\u043f\u043e\u0441\u0440\u0435\u0434\u0441\u0442\u0432\u0435\u043d\u043d\u043e \u0441 \u043f\u043e\u043c\u043e\u0449\u044c\u044e \u043d\u0435\u0441\u043a\u043e\u043b\u044c\u043a\u0438\u0445 \u0449\u0435\u043b\u0447\u043a\u043e\u0432 \u043c\u044b\u0448\u043a\u0438 \u0432 \u043b\u044e\u0431\u043e\u043c \u043c\u0435\u0441\u0442\u0435 \u0432 \u0438\u043d\u0442\u0435\u0440\u043d\u0435\u0442\u0435. \u041f\u043e\u0447\u0435\u043c\u0443 \u0432\u044b \u0434\u043e\u043b\u0436\u043d\u044b \u0442\u0435\u043c \u043d\u0435 \u043c\u0435\u043d\u0435\u0435 \u043e\u0431\u0440\u0430\u0442\u0438\u0442\u044c\u0441\u044f \u043a \u0441\u0442\u0440\u0430\u0445\u043e\u0432\u043e\u043c\u0443 \u0431\u0440\u043e\u043a\u0435\u0440\u0443 \u0438 \u043f\u043e\u0447\u0435\u043c\u0443 \u0438\u043c\u0435\u043d\u043d\u043e \u043a \u043d\u0430\u043c? \u042d\u0442\u043e \u043f\u0440\u043e\u0441\u0442\u043e: \u043b\u0438\u0431\u043e \u0432\u044b \u043f\u0440\u0438 \u0437\u0430\u043a\u043b\u044e\u0447\u0435\u043d\u0438\u0438 [&hellip;]<\/p>\n","protected":false},"author":1,"featured_media":0,"parent":0,"menu_order":0,"comment_status":"closed","ping_status":"closed","template":"","meta":{"footnotes":""},"class_list":["post-56","page","type-page","status-publish","hentry"],"_links":{"self":[{"href":"https:\/\/all-finance.de\/ru\/wp-json\/wp\/v2\/pages\/56","targetHints":{"allow":["GET"]}}],"collection":[{"href":"https:\/\/all-finance.de\/ru\/wp-json\/wp\/v2\/pages"}],"about":[{"href":"https:\/\/all-finance.de\/ru\/wp-json\/wp\/v2\/types\/page"}],"author":[{"embeddable":true,"href":"https:\/\/all-finance.de\/ru\/wp-json\/wp\/v2\/users\/1"}],"replies":[{"embeddable":true,"href":"https:\/\/all-finance.de\/ru\/wp-json\/wp\/v2\/comments?post=56"}],"version-history":[{"count":118,"href":"https:\/\/all-finance.de\/ru\/wp-json\/wp\/v2\/pages\/56\/revisions"}],"predecessor-version":[{"id":2913,"href":"https:\/\/all-finance.de\/ru\/wp-json\/wp\/v2\/pages\/56\/revisions\/2913"}],"wp:attachment":[{"href":"https:\/\/all-finance.de\/ru\/wp-json\/wp\/v2\/media?parent=56"}],"curies":[{"name":"wp","href":"https:\/\/api.w.org\/{rel}","templated":true}]}}