{"id":443,"date":"2016-03-29T11:06:34","date_gmt":"2016-03-29T08:06:34","guid":{"rendered":"http:\/\/all-finance.de\/?page_id=443"},"modified":"2018-03-02T13:48:46","modified_gmt":"2018-03-02T10:48:46","slug":"kaufen-haus-wohnung","status":"publish","type":"page","link":"https:\/\/all-finance.de\/ru\/immobilien\/kaufen-haus-wohnung\/","title":{"rendered":"\u041a\u0443\u043f\u0438\u0442\u044c"},"content":{"rendered":"<p><\/p>\n<div class=\"home_top\">\n<div id='iwModule'>\n<script language='javascript' type='text\/javascript'>\n var guid = 'd17535a12de24e36b400f1d28bf13f18';\n <\/script><br \/>\n<script language='javascript' type='text\/javascript' src='https:\/\/homepagemodul.immowelt.de\/_scripts\/iwag\/homepagemodul\/homepagemodul.pack.js' ><\/script><\/p>\n<div id='iwWidget' class='iwWidget'><\/div>\n<p><noscript>Bitte aktivieren Sie Javascript.<\/noscript><\/p>\n<div id='iwdigetinfo'>powered by <a id='iwdigetinfolink1' rel='nofollow' href='https:\/\/www.immowelt.de'>Immowelt AG<\/a><\/div>\n<\/div>\n<h4 style=\"text-align: left;\"><strong>\u041a\u0440\u0430\u0442\u043a\u0438\u0439 \u043e\u0431\u0437\u043e\u0440 \u0434\u0440\u0443\u0433\u0438\u0445 \u043e\u0431\u044a\u0435\u043a\u0442\u043e\u0432, <a href=\"https:\/\/all-finance.de\/service-kontakt\/\">\u043e\u0442\u043f\u0440\u0430\u0432\u0438\u0442\u044c \u0437\u0430\u043f\u0440\u043e\u0441 \u043d\u0430 \u043d\u0435\u0434\u0432\u0438\u0436\u0438\u043c\u043e\u0441\u0442\u044c:<\/a><\/strong><\/h4>\n<p>[table id=2\/]<\/p>\n<p style=\"text-align: left;\">ALL-Finance, Inh. Andrej Mechling &#8212; Immobilienmakler.<br \/>\nGewerbeerlaubnis gem. \u00a734c GewO wurde erteilt durch: Stadt Kaufbeuren, Kaiser-Max-Str. 1, 87600 Kaufbeuren.<br \/>\nZust\u00e4ndige Aufsichtsbeh\u00f6rde: Ordnungsamt Kaufbeuren, Am Graben 3, 87600 Kaufbeuren.<br \/>\nBemerkungen: \u00c4nderung, Irrtum und Zwischenverkauf vorbehalten!<\/p>\n<p><\/p>","protected":false},"excerpt":{"rendered":"<p>Bitte aktivieren Sie Javascript. powered by Immowelt AG \u041a\u0440\u0430\u0442\u043a\u0438\u0439 \u043e\u0431\u0437\u043e\u0440 \u0434\u0440\u0443\u0433\u0438\u0445 \u043e\u0431\u044a\u0435\u043a\u0442\u043e\u0432, \u043e\u0442\u043f\u0440\u0430\u0432\u0438\u0442\u044c \u0437\u0430\u043f\u0440\u043e\u0441 \u043d\u0430 \u043d\u0435\u0434\u0432\u0438\u0436\u0438\u043c\u043e\u0441\u0442\u044c: [table id=2\/] ALL-Finance, Inh. Andrej Mechling &#8212; Immobilienmakler. Gewerbeerlaubnis gem. \u00a734c GewO wurde erteilt durch: Stadt Kaufbeuren, Kaiser-Max-Str. 1, 87600 Kaufbeuren. Zust\u00e4ndige Aufsichtsbeh\u00f6rde: Ordnungsamt Kaufbeuren, Am Graben 3, 87600 Kaufbeuren. Bemerkungen: \u00c4nderung, Irrtum und Zwischenverkauf vorbehalten!<\/p>\n","protected":false},"author":1,"featured_media":0,"parent":12,"menu_order":0,"comment_status":"closed","ping_status":"closed","template":"","meta":{"footnotes":""},"class_list":["post-443","page","type-page","status-publish","hentry"],"_links":{"self":[{"href":"https:\/\/all-finance.de\/ru\/wp-json\/wp\/v2\/pages\/443","targetHints":{"allow":["GET"]}}],"collection":[{"href":"https:\/\/all-finance.de\/ru\/wp-json\/wp\/v2\/pages"}],"about":[{"href":"https:\/\/all-finance.de\/ru\/wp-json\/wp\/v2\/types\/page"}],"author":[{"embeddable":true,"href":"https:\/\/all-finance.de\/ru\/wp-json\/wp\/v2\/users\/1"}],"replies":[{"embeddable":true,"href":"https:\/\/all-finance.de\/ru\/wp-json\/wp\/v2\/comments?post=443"}],"version-history":[{"count":8,"href":"https:\/\/all-finance.de\/ru\/wp-json\/wp\/v2\/pages\/443\/revisions"}],"predecessor-version":[{"id":2267,"href":"https:\/\/all-finance.de\/ru\/wp-json\/wp\/v2\/pages\/443\/revisions\/2267"}],"up":[{"embeddable":true,"href":"https:\/\/all-finance.de\/ru\/wp-json\/wp\/v2\/pages\/12"}],"wp:attachment":[{"href":"https:\/\/all-finance.de\/ru\/wp-json\/wp\/v2\/media?parent=443"}],"curies":[{"name":"wp","href":"https:\/\/api.w.org\/{rel}","templated":true}]}}