{"id":272,"date":"2016-03-15T14:00:37","date_gmt":"2016-03-15T11:00:37","guid":{"rendered":"http:\/\/all-finance.de\/?page_id=272"},"modified":"2017-04-11T16:05:01","modified_gmt":"2017-04-11T13:05:01","slug":"rechtsschutz-fuer-vereine","status":"publish","type":"page","link":"https:\/\/all-finance.de\/ru\/geschaeftskunden\/firmen-rechtsschutz-versicherung\/rechtsschutz-fuer-vereine\/","title":{"rendered":"\u041f\u0440\u0430\u0432\u043e\u0432\u0430\u044f \u0437\u0430\u0449\u0438\u0442\u0430 \u043a\u043b\u0443\u0431\u043e\u0432 &#038; \u0430\u0441\u0441\u043e\u0446\u0438\u0430\u0446\u0438\u0439"},"content":{"rendered":"<p class=\"qtranxs-available-languages-message qtranxs-available-languages-message-ru\">\u0418\u0437\u0432\u0438\u043d\u0438\u0442\u0435, \u044d\u0442\u043e\u0442 \u0442\u0435\u0445\u0442 \u0434\u043e\u0441\u0442\u0443\u043f\u0435\u043d \u0442\u043e\u043b\u044c\u043a\u043e \u0432 \u201c<a href=\"https:\/\/all-finance.de\/de\/wp-json\/wp\/v2\/pages\/272\" class=\"qtranxs-available-language-link qtranxs-available-language-link-de\" title=\"Deu\">Deu<\/a>\u201d. For the sake of viewer convenience, the content is shown below in the alternative language. You may click the link to switch the active language.<\/p><p><\/p>\n<div class=\"home_top\">\n<h4 style=\"text-align: justify;\">Rechtsschutzversicherung f\u00fcr Vereine<\/h4>\n<p style=\"text-align: justify;\">Vereine sind juristische Rechtspersonen wie z. B. auch GmbHs, Genossenschaften oder Aktiengesellschaften. Auch wenn bei einem Verein nicht der wirtschaftliche Aspekt im Vordergrund steht, gibt es doch sehr viele Parallelen bei der Haftung und dem sonstigen Vorsorgebedarf. Durch die meist weniger professionellen und stark vom Hobbycharakter gepr\u00e4gten Strukturen in einem Verein wird der Vorsorgebedarf oft nicht gesehen bzw. die Notwendigkeit L\u00f6sungen zu schaffen, nur mit niedrigerer Priorit\u00e4t angegangen.<\/p>\n<p>Im Rechtsschutzbereich k\u00f6nnen Vereine mit sehr \u00fcberschaubarem Beitragsaufwand eine Vielzahl rechtlicher Risiken absichern. Hierunter fallen u. a. die ehrenamtliche T\u00e4tigkeit der Mitglieder, Vereinsausfl\u00fcge, Aufsichtspflichtverletzungen, strafrechtliche Vorw\u00fcrfe, Steuerangelegenheiten, etc..<\/p>\n<div class=\"blocks2\">\n<div class=\"block\">\n<div id=\"attachment_1151\" style=\"width: 434px\" class=\"wp-caption alignnone\"><img loading=\"lazy\" decoding=\"async\" aria-describedby=\"caption-attachment-1151\" class=\"wp-image-1151 size-full\" src=\"http:\/\/all-finance.de\/wp-content\/uploads\/2017\/01\/Fotolia_99800276_XS.jpg\" alt=\"\" width=\"424\" height=\"283\" srcset=\"https:\/\/all-finance.de\/wp-content\/uploads\/2017\/01\/Fotolia_99800276_XS.jpg 424w, https:\/\/all-finance.de\/wp-content\/uploads\/2017\/01\/Fotolia_99800276_XS-300x200.jpg 300w\" sizes=\"auto, (max-width: 424px) 100vw, 424px\" \/><p id=\"caption-attachment-1151\" class=\"wp-caption-text\">\u00a9 redaktion93, fotolia.com #99800276<\/p><\/div>\n<\/div>\n<div class=\"block_last\">\n<p style=\"text-align: justify;\"><strong>Wer ist versichert?:<\/strong><\/p>\n<ul>\n<li>Der Verein<\/li>\n<li>Die gesetzlichen Vertreter<\/li>\n<li>Die Besch\u00e4ftigten<\/li>\n<li>Die Vereinsmitglieder<\/li>\n<\/ul>\n<p style=\"text-align: justify;\"><strong>Versicherungsumfang:<\/strong><\/p>\n<ul>\n<li>Schadensersatz-Rechtsschutz<\/li>\n<li>Arbeits-Rechtsschutz<\/li>\n<li>Steuer-Rechtsschutz vor deutschen Finanz- und Verwaltungsgerichten<\/li>\n<li>Sozial-Rechtsschutz vor deutschen Sozialgerichten<\/li>\n<li>Disziplinar- und Standes-Rechtsschtz<\/li>\n<li>Straf-Rechtsschutz<\/li>\n<li>Ordnungswidrigkeiten-Rechtsschutz<\/li>\n<\/ul>\n<p style=\"text-align: justify;\"><strong>Lassen Sie sich von uns Ihr individuelles Angebot erstellen<\/strong><\/p>\n<p style=\"text-align: justify;\">Wir besprechen gerne mit Ihnen zusammen Ihren passenden Versicherungsschutz.<\/p>\n<\/div>\n<\/div>\n<\/div>\n<p><\/p>","protected":false},"excerpt":{"rendered":"<p>\u0418\u0437\u0432\u0438\u043d\u0438\u0442\u0435, \u044d\u0442\u043e\u0442 \u0442\u0435\u0445\u0442 \u0434\u043e\u0441\u0442\u0443\u043f\u0435\u043d \u0442\u043e\u043b\u044c\u043a\u043e \u0432 \u201cDeu\u201d. For the sake of viewer convenience, the content is shown below in the alternative language. You may click the link to switch the active language. Rechtsschutzversicherung f\u00fcr Vereine Vereine sind juristische Rechtspersonen wie z. B. auch GmbHs, Genossenschaften oder Aktiengesellschaften. Auch wenn bei einem Verein nicht der wirtschaftliche [&hellip;]<\/p>\n","protected":false},"author":1,"featured_media":0,"parent":206,"menu_order":16,"comment_status":"closed","ping_status":"closed","template":"","meta":{"footnotes":""},"class_list":["post-272","page","type-page","status-publish","hentry"],"_links":{"self":[{"href":"https:\/\/all-finance.de\/ru\/wp-json\/wp\/v2\/pages\/272","targetHints":{"allow":["GET"]}}],"collection":[{"href":"https:\/\/all-finance.de\/ru\/wp-json\/wp\/v2\/pages"}],"about":[{"href":"https:\/\/all-finance.de\/ru\/wp-json\/wp\/v2\/types\/page"}],"author":[{"embeddable":true,"href":"https:\/\/all-finance.de\/ru\/wp-json\/wp\/v2\/users\/1"}],"replies":[{"embeddable":true,"href":"https:\/\/all-finance.de\/ru\/wp-json\/wp\/v2\/comments?post=272"}],"version-history":[{"count":7,"href":"https:\/\/all-finance.de\/ru\/wp-json\/wp\/v2\/pages\/272\/revisions"}],"predecessor-version":[{"id":1761,"href":"https:\/\/all-finance.de\/ru\/wp-json\/wp\/v2\/pages\/272\/revisions\/1761"}],"up":[{"embeddable":true,"href":"https:\/\/all-finance.de\/ru\/wp-json\/wp\/v2\/pages\/206"}],"wp:attachment":[{"href":"https:\/\/all-finance.de\/ru\/wp-json\/wp\/v2\/media?parent=272"}],"curies":[{"name":"wp","href":"https:\/\/api.w.org\/{rel}","templated":true}]}}