{"id":270,"date":"2016-03-15T14:00:21","date_gmt":"2016-03-15T11:00:21","guid":{"rendered":"http:\/\/all-finance.de\/?page_id=270"},"modified":"2017-04-11T16:04:30","modified_gmt":"2017-04-11T13:04:30","slug":"rechtsschutz-fuer-aerzte","status":"publish","type":"page","link":"https:\/\/all-finance.de\/ru\/geschaeftskunden\/firmen-rechtsschutz-versicherung\/rechtsschutz-fuer-aerzte\/","title":{"rendered":"\u041f\u0440\u0430\u0432\u043e\u0432\u0430\u044f \u0437\u0430\u0449\u0438\u0442\u0430 \u0432\u0440\u0430\u0447\u0430"},"content":{"rendered":"<p class=\"qtranxs-available-languages-message qtranxs-available-languages-message-ru\">\u0418\u0437\u0432\u0438\u043d\u0438\u0442\u0435, \u044d\u0442\u043e\u0442 \u0442\u0435\u0445\u0442 \u0434\u043e\u0441\u0442\u0443\u043f\u0435\u043d \u0442\u043e\u043b\u044c\u043a\u043e \u0432 \u201c<a href=\"https:\/\/all-finance.de\/de\/wp-json\/wp\/v2\/pages\/270\" class=\"qtranxs-available-language-link qtranxs-available-language-link-de\" title=\"Deu\">Deu<\/a>\u201d. For the sake of viewer convenience, the content is shown below in the alternative language. You may click the link to switch the active language.<\/p><p><\/p>\n<div class=\"home_top\">\n<h4 style=\"text-align: justify;\">Rechtsschutz f\u00fcr \u00c4rzte (Apotheker und andere Heilberufe)<\/h4>\n<p style=\"text-align: justify;\">Immer h\u00e4ufiger klagen Patienten Schadensersatz- und Schmerzensgeldforderungen ein. Immer h\u00e4ufiger wird strafrechtlich gegen \u00c4rzte ermittelt (z. B. wegen des Verdachts des Abrechnungsbetrugs). Auch Streitigkeiten aufgrund der \u00dcberschreitung des Arzneimittelbudgets und der anschlie\u00dfenden Regressnahme beim Arzt sind nicht mehr selten. \u00c4rzte brauchen mehr denn je eine solide, leistungsstarke und m\u00f6glichst umfangreiche Rechtsschutzdeckung!<\/p>\n<div class=\"blocks2\">\n<div class=\"block\">\n<div id=\"attachment_1145\" style=\"width: 434px\" class=\"wp-caption alignnone\"><img loading=\"lazy\" decoding=\"async\" aria-describedby=\"caption-attachment-1145\" class=\"wp-image-1145 size-full\" src=\"http:\/\/all-finance.de\/wp-content\/uploads\/2017\/01\/Fotolia_133157698_XS.jpg\" alt=\"\" width=\"424\" height=\"283\" srcset=\"https:\/\/all-finance.de\/wp-content\/uploads\/2017\/01\/Fotolia_133157698_XS.jpg 424w, https:\/\/all-finance.de\/wp-content\/uploads\/2017\/01\/Fotolia_133157698_XS-300x200.jpg 300w\" sizes=\"auto, (max-width: 424px) 100vw, 424px\" \/><p id=\"caption-attachment-1145\" class=\"wp-caption-text\">\u00a9 Andrey Popov, fotolia.com #133157698<\/p><\/div>\n<\/div>\n<div class=\"block_last\">\n<p style=\"text-align: justify;\"><strong>Leistungsbereiche im \u00dcberblick:<\/strong><\/p>\n<ul>\n<li>Praxis-Bereich<\/li>\n<li>Berufs-Bereich f\u00fcr die nichtselbst\u00e4ndige T\u00e4tigkeit<\/li>\n<li>Privat-Bereich<\/li>\n<li>Vertrags-Rechtsschutz f\u00fcr Hilfsgesch\u00e4fte<\/li>\n<li>Versicherungs-Vertrags-Rechtsschutz<\/li>\n<li>Verkehrs-Bereich<\/li>\n<li>Regress-Rechtsschutz<\/li>\n<li>Grundst\u00fccks- und Mietbereich<\/li>\n<li>Straf-Rechtsschutz<\/li>\n<li>Spezial-Straf-Rechtsschutz (beim Vorwurf der Vorsatztaten)<\/li>\n<li>Vorsorge-Rechtsschutz f\u00fcr neu hinzukommende Risiken<\/li>\n<li>Inkasso-RS<\/li>\n<\/ul>\n<p style=\"text-align: justify;\"><strong>Lassen Sie sich von uns Ihr individuelles Angebot erstellen<\/strong><\/p>\n<p style=\"text-align: justify;\">Wir besprechen gerne mit Ihnen zusammen Ihren passenden Versicherungsschutz.<\/p>\n<\/div>\n<\/div>\n<\/div>\n<p><\/p>","protected":false},"excerpt":{"rendered":"<p>\u0418\u0437\u0432\u0438\u043d\u0438\u0442\u0435, \u044d\u0442\u043e\u0442 \u0442\u0435\u0445\u0442 \u0434\u043e\u0441\u0442\u0443\u043f\u0435\u043d \u0442\u043e\u043b\u044c\u043a\u043e \u0432 \u201cDeu\u201d. For the sake of viewer convenience, the content is shown below in the alternative language. You may click the link to switch the active language. Rechtsschutz f\u00fcr \u00c4rzte (Apotheker und andere Heilberufe) Immer h\u00e4ufiger klagen Patienten Schadensersatz- und Schmerzensgeldforderungen ein. Immer h\u00e4ufiger wird strafrechtlich gegen \u00c4rzte ermittelt (z. [&hellip;]<\/p>\n","protected":false},"author":1,"featured_media":0,"parent":206,"menu_order":16,"comment_status":"closed","ping_status":"closed","template":"","meta":{"footnotes":""},"class_list":["post-270","page","type-page","status-publish","hentry"],"_links":{"self":[{"href":"https:\/\/all-finance.de\/ru\/wp-json\/wp\/v2\/pages\/270","targetHints":{"allow":["GET"]}}],"collection":[{"href":"https:\/\/all-finance.de\/ru\/wp-json\/wp\/v2\/pages"}],"about":[{"href":"https:\/\/all-finance.de\/ru\/wp-json\/wp\/v2\/types\/page"}],"author":[{"embeddable":true,"href":"https:\/\/all-finance.de\/ru\/wp-json\/wp\/v2\/users\/1"}],"replies":[{"embeddable":true,"href":"https:\/\/all-finance.de\/ru\/wp-json\/wp\/v2\/comments?post=270"}],"version-history":[{"count":2,"href":"https:\/\/all-finance.de\/ru\/wp-json\/wp\/v2\/pages\/270\/revisions"}],"predecessor-version":[{"id":399,"href":"https:\/\/all-finance.de\/ru\/wp-json\/wp\/v2\/pages\/270\/revisions\/399"}],"up":[{"embeddable":true,"href":"https:\/\/all-finance.de\/ru\/wp-json\/wp\/v2\/pages\/206"}],"wp:attachment":[{"href":"https:\/\/all-finance.de\/ru\/wp-json\/wp\/v2\/media?parent=270"}],"curies":[{"name":"wp","href":"https:\/\/api.w.org\/{rel}","templated":true}]}}