{"id":262,"date":"2016-03-15T13:58:58","date_gmt":"2016-03-15T10:58:58","guid":{"rendered":"http:\/\/all-finance.de\/?page_id=262"},"modified":"2017-04-11T16:01:47","modified_gmt":"2017-04-11T13:01:47","slug":"geschaeftsgebaeude","status":"publish","type":"page","link":"https:\/\/all-finance.de\/ru\/geschaeftskunden\/geschaeft-gebaeude-versicherung\/geschaeftsgebaeude\/","title":{"rendered":"\u041a\u043e\u043c\u043c\u0435\u0440\u0447\u0435\u0441\u043a\u0430\u044f \u043d\u0435\u0434\u0432\u0438\u0436\u0438\u043c\u043e\u0441\u0442\u044c"},"content":{"rendered":"<p class=\"qtranxs-available-languages-message qtranxs-available-languages-message-ru\">\u0418\u0437\u0432\u0438\u043d\u0438\u0442\u0435, \u044d\u0442\u043e\u0442 \u0442\u0435\u0445\u0442 \u0434\u043e\u0441\u0442\u0443\u043f\u0435\u043d \u0442\u043e\u043b\u044c\u043a\u043e \u0432 \u201c<a href=\"https:\/\/all-finance.de\/de\/wp-json\/wp\/v2\/pages\/262\" class=\"qtranxs-available-language-link qtranxs-available-language-link-de\" title=\"Deu\">Deu<\/a>\u201d. For the sake of viewer convenience, the content is shown below in the alternative language. You may click the link to switch the active language.<\/p><p><\/p>\n<div class=\"home_top\">\n<h4 style=\"text-align: justify;\">Gewerbliche Geb\u00e4udeversicherung<\/h4>\n<p style=\"text-align: justify;\">Die Geb\u00e4uderversicherung f\u00fcr gewerbliche Nutzung deckt folgende Gefahren wie Feuer, Leitungswasser, Hagel und Sturm ab. Mit extra Baustein &#8212; Elementarsch\u00e4den sind Naturereignisse z.B. Erdbeben, Schneedruck, Lawinen und Erdrutsch versicherbar. Der Preis-Leistungs-Verh\u00e4ltnis der gewerbliche Geb\u00e4udeversicherung h\u00e4ngt unter anderem von der Betriebsart(Bauunternehmen oder kaufm\u00e4nnische B\u00fcrogeb\u00e4ude), Bauartklasse (z.B. massive Bauweise und Holzbauweise) und dem Versicherungsort (Lage des Objekts) ab. Bei gemischt genutzten Geb\u00e4uden mit \u00fcberwiegenden Wohnanteil spricht man von der Wohngeb\u00e4ude. Ihr Unternehmensgeb\u00e4ude (Industriegeb\u00e4ude) ist fundamental f\u00fcr Ihr Unternehmen und Ihren Erfolg unverzichtbar. Umfassenden Schutz von Geb\u00e4udesch\u00e4den kann nur eine auf Ihr Gewerbe und Objekt angepasster Versicherungsschutz leisten.<\/p>\n<div class=\"blocks2\">\n<div class=\"block\">\n<div id=\"attachment_1103\" style=\"width: 434px\" class=\"wp-caption alignnone\"><img loading=\"lazy\" decoding=\"async\" aria-describedby=\"caption-attachment-1103\" class=\"wp-image-1103 size-full\" src=\"http:\/\/all-finance.de\/wp-content\/uploads\/2017\/01\/Fotolia_64617199_XS.jpg\" alt=\"\" width=\"424\" height=\"283\" srcset=\"https:\/\/all-finance.de\/wp-content\/uploads\/2017\/01\/Fotolia_64617199_XS.jpg 424w, https:\/\/all-finance.de\/wp-content\/uploads\/2017\/01\/Fotolia_64617199_XS-300x200.jpg 300w\" sizes=\"auto, (max-width: 424px) 100vw, 424px\" \/><p id=\"caption-attachment-1103\" class=\"wp-caption-text\">\u00a9 industrieblick, fotolia.com #64617199<\/p><\/div>\n<\/div>\n<div class=\"block_last\">\n<p style=\"text-align: justify;\"><strong>M\u00f6gliche Deckungsinhalte sind unter anderem:<\/strong><\/p>\n<ul>\n<li>Rohbauversicherung bis max. 24 Monate<\/li>\n<li>Unterversicherungsverzicht<\/li>\n<li>Verzicht auf Einwand grober Fahrl\u00e4ssigkeit<\/li>\n<li>\u00dcbernahme der Kosten f\u00fcr die Beauftragung eines Sachverst\u00e4ndigen<\/li>\n<li>Regressverzicht<\/li>\n<li>Repr\u00e4sentantenklausel<\/li>\n<li>Aufr\u00e4um-, Abbruch-, Bergungs-, und Schutzkosten<\/li>\n<li>\u00dcberspannungssch\u00e4den durch Blitz<\/li>\n<li>R\u00fcckstausch\u00e4den<\/li>\n<li>Besserstellungsklausel<\/li>\n<\/ul>\n<p style=\"text-align: justify;\"><strong>Lassen Sie sich von uns Ihr individuelles Angebot erstellen<\/strong><\/p>\n<p style=\"text-align: justify;\">Wir besprechen gerne mit Ihnen zusammen Ihren passenden Versicherungsschutz.<\/p>\n<\/div>\n<\/div>\n<\/div>\n<p><\/p>","protected":false},"excerpt":{"rendered":"<p>\u0418\u0437\u0432\u0438\u043d\u0438\u0442\u0435, \u044d\u0442\u043e\u0442 \u0442\u0435\u0445\u0442 \u0434\u043e\u0441\u0442\u0443\u043f\u0435\u043d \u0442\u043e\u043b\u044c\u043a\u043e \u0432 \u201cDeu\u201d. For the sake of viewer convenience, the content is shown below in the alternative language. You may click the link to switch the active language. Gewerbliche Geb\u00e4udeversicherung Die Geb\u00e4uderversicherung f\u00fcr gewerbliche Nutzung deckt folgende Gefahren wie Feuer, Leitungswasser, Hagel und Sturm ab. Mit extra Baustein &#8212; Elementarsch\u00e4den sind [&hellip;]<\/p>\n","protected":false},"author":1,"featured_media":0,"parent":204,"menu_order":0,"comment_status":"closed","ping_status":"closed","template":"","meta":{"footnotes":""},"class_list":["post-262","page","type-page","status-publish","hentry"],"_links":{"self":[{"href":"https:\/\/all-finance.de\/ru\/wp-json\/wp\/v2\/pages\/262","targetHints":{"allow":["GET"]}}],"collection":[{"href":"https:\/\/all-finance.de\/ru\/wp-json\/wp\/v2\/pages"}],"about":[{"href":"https:\/\/all-finance.de\/ru\/wp-json\/wp\/v2\/types\/page"}],"author":[{"embeddable":true,"href":"https:\/\/all-finance.de\/ru\/wp-json\/wp\/v2\/users\/1"}],"replies":[{"embeddable":true,"href":"https:\/\/all-finance.de\/ru\/wp-json\/wp\/v2\/comments?post=262"}],"version-history":[{"count":2,"href":"https:\/\/all-finance.de\/ru\/wp-json\/wp\/v2\/pages\/262\/revisions"}],"predecessor-version":[{"id":394,"href":"https:\/\/all-finance.de\/ru\/wp-json\/wp\/v2\/pages\/262\/revisions\/394"}],"up":[{"embeddable":true,"href":"https:\/\/all-finance.de\/ru\/wp-json\/wp\/v2\/pages\/204"}],"wp:attachment":[{"href":"https:\/\/all-finance.de\/ru\/wp-json\/wp\/v2\/media?parent=262"}],"curies":[{"name":"wp","href":"https:\/\/api.w.org\/{rel}","templated":true}]}}