{"id":244,"date":"2016-03-15T13:47:00","date_gmt":"2016-03-15T10:47:00","guid":{"rendered":"http:\/\/all-finance.de\/?page_id=244"},"modified":"2017-04-11T15:55:06","modified_gmt":"2017-04-11T12:55:06","slug":"oldtimer-exoten-elektrofahrzeuge","status":"publish","type":"page","link":"https:\/\/all-finance.de\/ru\/geschaeftskunden\/kfz-versicherung-auto\/oldtimer-exoten-elektrofahrzeuge\/","title":{"rendered":"\u041e\u043b\u0434\u0442\u0430\u0439\u043c\u0435\u0440, \u044d\u043a\u0437\u043e\u0442\u0438\u0447\u0435\u0441\u043a\u0438\u0435,  \u0435\u043b\u0435\u043a\u0442\u0440\u043e\u0430\u0432\u0442\u043e"},"content":{"rendered":"<p class=\"qtranxs-available-languages-message qtranxs-available-languages-message-ru\">\u0418\u0437\u0432\u0438\u043d\u0438\u0442\u0435, \u044d\u0442\u043e\u0442 \u0442\u0435\u0445\u0442 \u0434\u043e\u0441\u0442\u0443\u043f\u0435\u043d \u0442\u043e\u043b\u044c\u043a\u043e \u0432 \u201c<a href=\"https:\/\/all-finance.de\/de\/wp-json\/wp\/v2\/pages\/244\" class=\"qtranxs-available-language-link qtranxs-available-language-link-de\" title=\"Deu\">Deu<\/a>\u201d. For the sake of viewer convenience, the content is shown below in the alternative language. You may click the link to switch the active language.<\/p><p><\/p>\n<div class=\"home_top\">\n<h4 style=\"text-align: justify;\">Oldtimer und Youngtimer was Sie dar\u00fcber wissen sollten.<\/h4>\n<p style=\"text-align: justify;\">Es gibt wohl kaum eine Stadt in der es nicht auch einen Oldtimer Club gibt. Beim Oldtimertreffen faszinieren die Menschen alte Autos. Sp\u00e4testens mit der Anschaffung des Oldtimers m\u00fcssen sich die Eigent\u00fcmer mit dem Thema Oldtimer-Versicherung befassen.<\/p>\n<div class=\"blocks2\">\n<div class=\"block\">\n<div id=\"attachment_1168\" style=\"width: 439px\" class=\"wp-caption alignnone\"><img loading=\"lazy\" decoding=\"async\" aria-describedby=\"caption-attachment-1168\" class=\"wp-image-1168 size-full\" src=\"http:\/\/all-finance.de\/wp-content\/uploads\/2017\/02\/Fotolia_129114668_XS.jpg\" alt=\"\" width=\"429\" height=\"280\" srcset=\"https:\/\/all-finance.de\/wp-content\/uploads\/2017\/02\/Fotolia_129114668_XS.jpg 429w, https:\/\/all-finance.de\/wp-content\/uploads\/2017\/02\/Fotolia_129114668_XS-300x196.jpg 300w\" sizes=\"auto, (max-width: 429px) 100vw, 429px\" \/><p id=\"caption-attachment-1168\" class=\"wp-caption-text\">\u00a9 ghazii, fotolia.com #129114668<\/p><\/div>\n<p style=\"text-align: justify;\"><strong>Oldtimer, Youngtimer &#8212; was versteht man \u00fcberhaupt darunter?<\/strong><\/p>\n<p style=\"text-align: justify;\">Fahrzeuge die mindestens 30 Jahre alt sind bezeichnet man als Oldtimer bzw. Youngtimer &#8212; 25 Jahre alt.<br \/>\nWenn man \u00fcber Oldtimer denkt, denkt man automatisch an das H-Kennzeichen. Grunds\u00e4tzlich kann man auch jeden Oldtimer mit regul\u00e4ren Kennzeichen zulassen. Mit dem H-Kennzeichen f\u00fchrte der Gesetzgeber im Jahr 1997 eine Form der Zulassung f\u00fcr &#171;Historische Fahrzeuge&#187; ein. Wesentlicher Vorteil der H-Zulassung liegt in der pauschaler KFZ-Besteuerung unabh\u00e4ngig von Model oder Hubraum. Mit dem H-Kennzeichen darf man auch die Umweltzonen in den St\u00e4dten befahren. Was ist bei der Kraftfahrzeug-Versicherung von Oldtimer und Youngtimer zu beachten?<\/p>\n<ul>\n<li>Wird das Auto zugelassen und bewegt<\/li>\n<li>Das Auto wird nicht zugelassen und nicht bewegt (Sammlung)<\/li>\n<li>Das Auto wird nicht zugelassen aber gelegentlich bewegt (Rotes 07-er Kennzeichen)<\/li>\n<li>Das Fahrzeugwert spielt eine gro\u00dfe Rolle bei der Oldtimerversicherung<\/li>\n<\/ul>\n<\/div>\n<div class=\"block_last\">\n<div id=\"attachment_1171\" style=\"width: 425px\" class=\"wp-caption alignnone\"><img loading=\"lazy\" decoding=\"async\" aria-describedby=\"caption-attachment-1171\" class=\"wp-image-1171 size-full\" src=\"http:\/\/all-finance.de\/wp-content\/uploads\/2017\/02\/Fotolia_119263002_XS.jpg\" alt=\"\" width=\"415\" height=\"289\" srcset=\"https:\/\/all-finance.de\/wp-content\/uploads\/2017\/02\/Fotolia_119263002_XS.jpg 415w, https:\/\/all-finance.de\/wp-content\/uploads\/2017\/02\/Fotolia_119263002_XS-300x209.jpg 300w\" sizes=\"auto, (max-width: 415px) 100vw, 415px\" \/><p id=\"caption-attachment-1171\" class=\"wp-caption-text\">\u00a9Tomasz Zajda, fotolia #119263002<\/p><\/div>\n<p style=\"text-align: justify;\"><strong>F\u00fcr Exoten und Elektrofahrzeuge gibt es auch spezielle Tarife am Markt. Hier kleiner Auszug der Highlights:<\/strong><\/p>\n<ul>\n<li>Allgefahren-Deckung<\/li>\n<li>Neupreisentsch\u00e4digung bis zu 2 Jahren<\/li>\n<li>GAP-Deckung<\/li>\n<li>Defekt der Batterie ist mitversichert<\/li>\n<li>Keine Einschr\u00e4nkungen bei Auslandsfahrten<\/li>\n<li>Entwendung, Diebstahl, Raub, Unterschlagung<\/li>\n<\/ul>\n<p>Exoten, Elektro oder auch Hybridfahrzeug mit hochwertiger Fahrzeugtechnik und stilvollem Luxus ben\u00f6tigen einen entsprechenden Schutz. Es gibt einige Anbieter auf dem Markt die sich darauf spezialisiert haben. Die Autoversicherung f\u00fcr solche Fahrzeuge ist so individuell wie diese Luxuskarossen. Deshalb wird die Versicherung speziell durch uns Angefragt und Ihren Bed\u00fcrfnissen angepasst.<\/p>\n<\/div>\n<\/div>\n<\/div>\n<p><\/p>","protected":false},"excerpt":{"rendered":"<p>\u0418\u0437\u0432\u0438\u043d\u0438\u0442\u0435, \u044d\u0442\u043e\u0442 \u0442\u0435\u0445\u0442 \u0434\u043e\u0441\u0442\u0443\u043f\u0435\u043d \u0442\u043e\u043b\u044c\u043a\u043e \u0432 \u201cDeu\u201d. For the sake of viewer convenience, the content is shown below in the alternative language. You may click the link to switch the active language. Oldtimer und Youngtimer was Sie dar\u00fcber wissen sollten. Es gibt wohl kaum eine Stadt in der es nicht auch einen Oldtimer Club gibt. [&hellip;]<\/p>\n","protected":false},"author":1,"featured_media":0,"parent":200,"menu_order":15,"comment_status":"closed","ping_status":"closed","template":"","meta":{"footnotes":""},"class_list":["post-244","page","type-page","status-publish","hentry"],"_links":{"self":[{"href":"https:\/\/all-finance.de\/ru\/wp-json\/wp\/v2\/pages\/244","targetHints":{"allow":["GET"]}}],"collection":[{"href":"https:\/\/all-finance.de\/ru\/wp-json\/wp\/v2\/pages"}],"about":[{"href":"https:\/\/all-finance.de\/ru\/wp-json\/wp\/v2\/types\/page"}],"author":[{"embeddable":true,"href":"https:\/\/all-finance.de\/ru\/wp-json\/wp\/v2\/users\/1"}],"replies":[{"embeddable":true,"href":"https:\/\/all-finance.de\/ru\/wp-json\/wp\/v2\/comments?post=244"}],"version-history":[{"count":2,"href":"https:\/\/all-finance.de\/ru\/wp-json\/wp\/v2\/pages\/244\/revisions"}],"predecessor-version":[{"id":380,"href":"https:\/\/all-finance.de\/ru\/wp-json\/wp\/v2\/pages\/244\/revisions\/380"}],"up":[{"embeddable":true,"href":"https:\/\/all-finance.de\/ru\/wp-json\/wp\/v2\/pages\/200"}],"wp:attachment":[{"href":"https:\/\/all-finance.de\/ru\/wp-json\/wp\/v2\/media?parent=244"}],"curies":[{"name":"wp","href":"https:\/\/api.w.org\/{rel}","templated":true}]}}