{"id":238,"date":"2016-03-15T13:43:32","date_gmt":"2016-03-15T10:43:32","guid":{"rendered":"http:\/\/all-finance.de\/?page_id=238"},"modified":"2017-04-11T15:54:31","modified_gmt":"2017-04-11T12:54:31","slug":"vereine-verbaende","status":"publish","type":"page","link":"https:\/\/all-finance.de\/ru\/geschaeftskunden\/berufshaftpflicht-vermoegensschaden\/vereine-verbaende\/","title":{"rendered":"\u041a\u043b\u0443\u0431 &#038; \u0410\u0441\u0441\u043e\u0446\u0438\u0430\u0446\u0438\u044f"},"content":{"rendered":"<p class=\"qtranxs-available-languages-message qtranxs-available-languages-message-ru\">\u0418\u0437\u0432\u0438\u043d\u0438\u0442\u0435, \u044d\u0442\u043e\u0442 \u0442\u0435\u0445\u0442 \u0434\u043e\u0441\u0442\u0443\u043f\u0435\u043d \u0442\u043e\u043b\u044c\u043a\u043e \u0432 \u201c<a href=\"https:\/\/all-finance.de\/de\/wp-json\/wp\/v2\/pages\/238\" class=\"qtranxs-available-language-link qtranxs-available-language-link-de\" title=\"Deu\">Deu<\/a>\u201d. For the sake of viewer convenience, the content is shown below in the alternative language. You may click the link to switch the active language.<\/p><p><\/p>\n<div class=\"home_top\">\n<p><strong>Verm\u00f6gensschaden-Haftpflicht f\u00fcr Vereine und Verb\u00e4nde.<\/strong><\/p>\n<p style=\"text-align: justify;\">F\u00fcr Vereine eine speziell auf die Vereinsarbeit zugeschnittene Versicherungsl\u00f6sung, die den Verein, seinen Vorstand und Mitarbeiter nicht nur gegen Anspr\u00fcche Dritter absichert. Eine integrierte Eigenschadendeckung sch\u00fctzt alle im Verein Besch\u00e4ftigten, sollten diese dem Organ Schaden zuf\u00fcgen.<\/p>\n<div class=\"blocks2\">\n<div class=\"block\">\n<div id=\"attachment_1101\" style=\"width: 434px\" class=\"wp-caption alignnone\"><img loading=\"lazy\" decoding=\"async\" aria-describedby=\"caption-attachment-1101\" class=\"wp-image-1101 size-full\" src=\"http:\/\/all-finance.de\/wp-content\/uploads\/2017\/01\/Fotolia_133912848_XS.jpg\" alt=\"\" width=\"424\" height=\"283\" srcset=\"https:\/\/all-finance.de\/wp-content\/uploads\/2017\/01\/Fotolia_133912848_XS.jpg 424w, https:\/\/all-finance.de\/wp-content\/uploads\/2017\/01\/Fotolia_133912848_XS-300x200.jpg 300w\" sizes=\"auto, (max-width: 424px) 100vw, 424px\" \/><p id=\"caption-attachment-1101\" class=\"wp-caption-text\">\u00a9 Prostock-studio, fotolia.com #133912848<\/p><\/div>\n<p style=\"text-align: justify;\"><strong>Tarifliche Eckpunkte:<\/strong><\/p>\n<ul>\n<li>Vereins- und Betriebshaftpflicht<\/li>\n<li>Vollumf\u00e4ngliche D&amp;O f\u00fcr Vereinsvorst\u00e4nde<\/li>\n<li>Verm\u00f6gensschadenhaftpflicht mit Eigenschadendeckung<\/li>\n<li>Optionale Daten- und Cyber-Eigenschadendeckung<\/li>\n<\/ul>\n<p style=\"text-align: justify;\">Zu den Vereinsaufgaben geh\u00f6rt u.a. die Unterhaltung von Sportanlagen, die Organisation des Sportbetriebes, die Beaufsichtigung und Anleitung der Sportaus\u00fcbenden, die Organisation von Wettk\u00e4mpfen und anderen sportlichen Veranstaltungen, die Betreuung der Mitglieder in allen fachlichen Fragen sowie die Pflege der Sportgemeinschaft.<\/p>\n<\/div>\n<div class=\"block_last\">\n<p style=\"text-align: justify;\">Da der Sport zu den steuerbeg\u00fcnstigten Zwecken geh\u00f6rt (vgl. \u00a7 52 Abs. 2 Ziffer 2 AO) sind Sportvereine gemeinn\u00fctzig und werden daher steuerlich bevorzugt behandelt. Die Spendenpraxis von Sportvereinen unterliegt allerdings einer strengen Kontrolle durch die Finanz\u00e4mter. Besonders betroffen sind Tennis- und Golf-Clubs. Hier droht der Verlust der Gemeinn\u00fctzigkeit, was f\u00fcr den Verein empfindliche finanzielle Nachteile hat. Der Vereinsvorstand tr\u00e4gt insoweit ein hohes Haftpflichtrisiko.<\/p>\n<p style=\"text-align: justify;\"><strong>Leistungsvorteile f\u00fcr Vereine und Verb\u00e4nde:<\/strong><\/p>\n<ul>\n<li>Vertrauensschadenversicherung<\/li>\n<li>Verst\u00f6\u00dfe gegen das Allgemeine Gleichbehandlungsgesetz (AGG)<\/li>\n<li>Verletzung von Geheimhaltungspflichten &amp; gewerblichen Schutzrechten<\/li>\n<li>Verletzung von Datenschutzgesetzen<\/li>\n<li>Bedingtem Vorsatz<\/li>\n<li>Nachmeldefrist von 120 Monaten<\/li>\n<li>Anspr\u00fcchen von innen (bspw. Mitgliedern des Vereins)<\/li>\n<li>Anspr\u00fcchen von au\u00dfen (bspw. Finanzamt) oder Insolvenzverwaltern<\/li>\n<li>Vorsorglicher Rechtsberatung z.B. bei vorzeitiger Beendigung der Organstellung<\/li>\n<li>Rechtsschutz bei drohender Aberkennung der Gemeinn\u00fctzigkeit<\/li>\n<li>Daten- und Cyber-Eigenschadendeckung (gegen Pr\u00e4mienzuschlag)<\/li>\n<\/ul>\n<\/div>\n<\/div>\n<\/div>\n<p><\/p>","protected":false},"excerpt":{"rendered":"<p>\u0418\u0437\u0432\u0438\u043d\u0438\u0442\u0435, \u044d\u0442\u043e\u0442 \u0442\u0435\u0445\u0442 \u0434\u043e\u0441\u0442\u0443\u043f\u0435\u043d \u0442\u043e\u043b\u044c\u043a\u043e \u0432 \u201cDeu\u201d. For the sake of viewer convenience, the content is shown below in the alternative language. You may click the link to switch the active language. Verm\u00f6gensschaden-Haftpflicht f\u00fcr Vereine und Verb\u00e4nde. F\u00fcr Vereine eine speziell auf die Vereinsarbeit zugeschnittene Versicherungsl\u00f6sung, die den Verein, seinen Vorstand und Mitarbeiter nicht nur [&hellip;]<\/p>\n","protected":false},"author":1,"featured_media":0,"parent":188,"menu_order":24,"comment_status":"closed","ping_status":"closed","template":"","meta":{"footnotes":""},"class_list":["post-238","page","type-page","status-publish","hentry"],"_links":{"self":[{"href":"https:\/\/all-finance.de\/ru\/wp-json\/wp\/v2\/pages\/238","targetHints":{"allow":["GET"]}}],"collection":[{"href":"https:\/\/all-finance.de\/ru\/wp-json\/wp\/v2\/pages"}],"about":[{"href":"https:\/\/all-finance.de\/ru\/wp-json\/wp\/v2\/types\/page"}],"author":[{"embeddable":true,"href":"https:\/\/all-finance.de\/ru\/wp-json\/wp\/v2\/users\/1"}],"replies":[{"embeddable":true,"href":"https:\/\/all-finance.de\/ru\/wp-json\/wp\/v2\/comments?post=238"}],"version-history":[{"count":2,"href":"https:\/\/all-finance.de\/ru\/wp-json\/wp\/v2\/pages\/238\/revisions"}],"predecessor-version":[{"id":378,"href":"https:\/\/all-finance.de\/ru\/wp-json\/wp\/v2\/pages\/238\/revisions\/378"}],"up":[{"embeddable":true,"href":"https:\/\/all-finance.de\/ru\/wp-json\/wp\/v2\/pages\/188"}],"wp:attachment":[{"href":"https:\/\/all-finance.de\/ru\/wp-json\/wp\/v2\/media?parent=238"}],"curies":[{"name":"wp","href":"https:\/\/api.w.org\/{rel}","templated":true}]}}