{"id":232,"date":"2016-03-15T13:42:10","date_gmt":"2016-03-15T10:42:10","guid":{"rendered":"http:\/\/all-finance.de\/?page_id=232"},"modified":"2017-04-11T15:52:06","modified_gmt":"2017-04-11T12:52:06","slug":"aerzte-zahnaerzte","status":"publish","type":"page","link":"https:\/\/all-finance.de\/ru\/geschaeftskunden\/berufshaftpflicht-vermoegensschaden\/aerzte-zahnaerzte\/","title":{"rendered":"\u0421\u0442\u0440\u0430\u0445\u043e\u0432\u0430\u043d\u0438\u0435 &#8212; \u0432\u0440\u0430\u0447 &#038; \u0437\u0443\u0431\u043d\u043e\u0439 \u0432\u0440\u0430\u0447"},"content":{"rendered":"<p class=\"qtranxs-available-languages-message qtranxs-available-languages-message-ru\">\u0418\u0437\u0432\u0438\u043d\u0438\u0442\u0435, \u044d\u0442\u043e\u0442 \u0442\u0435\u0445\u0442 \u0434\u043e\u0441\u0442\u0443\u043f\u0435\u043d \u0442\u043e\u043b\u044c\u043a\u043e \u0432 \u201c<a href=\"https:\/\/all-finance.de\/de\/wp-json\/wp\/v2\/pages\/232\" class=\"qtranxs-available-language-link qtranxs-available-language-link-de\" title=\"Deu\">Deu<\/a>\u201d. For the sake of viewer convenience, the content is shown below in the alternative language. You may click the link to switch the active language.<\/p><p><\/p>\n<div class=\"home_top\">\n<p><strong>Berufshaftpflichtversicherung f\u00fcr \u00c4rzte, Zahn\u00e4rzte, Tier\u00e4rzte und weitere Heilberufe.<\/strong><\/p>\n<p style=\"text-align: justify;\">Bei Heilberufen sind die Arbeitsbedingungen heute schwieriger denn je. H\u00f6chste Belastungen pr\u00e4gen h\u00e4ufig den Arbeitsalltag. Damit w\u00e4chst auch die Gefahr, Fehler zu machen. Im Ergebnis sind die Forderungen gegen \u00c4rzte in den letzten Jahren deutlich gestiegen. Das betrifft sowohl die Anzahl als auch die H\u00f6he der Forderungen. Mittlerweile z\u00e4hlen Personensch\u00e4den sogar zu den teuersten Versicherungssch\u00e4den in Deutschland. Weitere Trends versch\u00e4rfen diese Situation: Dazu geh\u00f6ren die zunehmende Klagebereitschaft von Patienten, die steigende Haftungsversch\u00e4rfung sowie eine Rechtsprechung, die sich mehr und mehr an den Interessen der Patienten ausrichtet.<\/p>\n<div class=\"blocks2\">\n<div class=\"block\">\n<div id=\"attachment_1094\" style=\"width: 434px\" class=\"wp-caption alignnone\"><img loading=\"lazy\" decoding=\"async\" aria-describedby=\"caption-attachment-1094\" class=\"wp-image-1094 size-full\" src=\"http:\/\/all-finance.de\/wp-content\/uploads\/2017\/01\/Fotolia_62533470_XS.jpg\" alt=\"\" width=\"424\" height=\"283\" srcset=\"https:\/\/all-finance.de\/wp-content\/uploads\/2017\/01\/Fotolia_62533470_XS.jpg 424w, https:\/\/all-finance.de\/wp-content\/uploads\/2017\/01\/Fotolia_62533470_XS-300x200.jpg 300w\" sizes=\"auto, (max-width: 424px) 100vw, 424px\" \/><p id=\"caption-attachment-1094\" class=\"wp-caption-text\">\u00a9 contrastwerkstatt, fotolia.com #62533470<\/p><\/div>\n<p style=\"text-align: justify;\"><strong>Welche Sch\u00e4den sind in der Berufshaftpflicht f\u00fcr \u00c4rzte versichert?<\/strong><\/p>\n<p style=\"text-align: justify;\">Die Haftpflichtversicherung f\u00fcr \u00c4rzte, Zahn\u00e4rzte sowie Heilnebenberufe versichert Personensch\u00e4den, Sachsch\u00e4den und Verm\u00f6gensfolgesch\u00e4den. Deckungssummen der Arzthaftpflichtversicherung k\u00f6nnen von 2 Mio bis 10 Mio ausgew\u00e4hlt werden.<br \/>\nSteigende Kosten f\u00fcr Pflege, Verdienstausfall und Hinterbliebenenversorgung sollten bei der Auswahl der Versicherungssummen entsprechend ber\u00fccksichtigt sein. Welche genaue Gefahren innerhalb der Berufshaftpflicht f\u00fcr \u00c4rzte abgesichert sein sollten, richtet sich nach dem T\u00e4tigkeitsfeld und der Fachrichtung des jeweiligen Arztes.<\/p>\n<p style=\"text-align: justify;\">\n<\/div>\n<div class=\"block_last\">\n<p style=\"text-align: justify;\">Wir analysieren die Gefahren entsprechend Ihrer Fachrichtung und sprechen zwei bis drei passende Produktempfehlungen aus.<\/p>\n<p style=\"text-align: justify;\"><strong>Beispielhafte Deckungsinhalte sind unter anderem:<\/strong><\/p>\n<ul>\n<li>Gro\u00dfpraxenkonzept ab 3 Partnern<\/li>\n<li>bis zu 2, in der Praxis, angestellte \u00c4rzte<\/li>\n<li>Jobsharing Angestellte<\/li>\n<li>Internet-Technologie<\/li>\n<li>Mietsachsch\u00e4den<\/li>\n<li>Schl\u00fcsselsch\u00e4den<\/li>\n<li>Anspr\u00fcche nach dem AGG<\/li>\n<li>T\u00e4tigkeits- und Bearbeitungssch\u00e4den<\/li>\n<li>Umweltschadens-Basisversicherung<\/li>\n<li>Umwelt-Haftpflichtversicherung<\/li>\n<li>zeitlich unbegrenzte Nachhaftung bei vollst\u00e4ndiger Beendigung der T\u00e4tigkeit<\/li>\n<\/ul>\n<p style=\"text-align: justify;\"><strong>M\u00f6gliche\u00a0Deckungserweiterungen nach Rahmenvertrag:<\/strong><\/p>\n<ul>\n<li>Vertretungsdauer auf 6 Monate erweitert<\/li>\n<li>Anspr\u00fcche von Angeh\u00f6rigen mitversichert<\/li>\n<li>Entfall der SB bei Be- und Entladesch\u00e4den, sowie Leitungssch\u00e4den<\/li>\n<li>Teilnahme und Ausrichtung von \u00e4rztlichen Veranstaltungeng<\/li>\n<li>Verl\u00e4ngerung der T\u00e4tigkeit als Schiffsarzt -nur ambulant- auf 6 Wochen<\/li>\n<li>Erweiterung Straf-RS auf Sachverst\u00e4ndigenkosten bis 5.000 Euro<\/li>\n<li>Medizinisch anerkannte Naturheilverfahren mitversichert<\/li>\n<li>Mitversicherung von Laseranlagen und -strahlen<\/li>\n<li>Innovationsklausel<\/li>\n<\/ul>\n<p style=\"text-align: justify;\">Stellen Sie uns eine\u00a0<a href=\"\/service-kontakt\/anfrage\/\">Anfrage<\/a> zum Arzthaftpflicht!<\/p>\n<\/div>\n<\/div>\n<\/div>\n<p><\/p>","protected":false},"excerpt":{"rendered":"<p>\u0418\u0437\u0432\u0438\u043d\u0438\u0442\u0435, \u044d\u0442\u043e\u0442 \u0442\u0435\u0445\u0442 \u0434\u043e\u0441\u0442\u0443\u043f\u0435\u043d \u0442\u043e\u043b\u044c\u043a\u043e \u0432 \u201cDeu\u201d. For the sake of viewer convenience, the content is shown below in the alternative language. You may click the link to switch the active language. Berufshaftpflichtversicherung f\u00fcr \u00c4rzte, Zahn\u00e4rzte, Tier\u00e4rzte und weitere Heilberufe. Bei Heilberufen sind die Arbeitsbedingungen heute schwieriger denn je. H\u00f6chste Belastungen pr\u00e4gen h\u00e4ufig den Arbeitsalltag. [&hellip;]<\/p>\n","protected":false},"author":1,"featured_media":0,"parent":188,"menu_order":22,"comment_status":"closed","ping_status":"closed","template":"","meta":{"footnotes":""},"class_list":["post-232","page","type-page","status-publish","hentry"],"_links":{"self":[{"href":"https:\/\/all-finance.de\/ru\/wp-json\/wp\/v2\/pages\/232","targetHints":{"allow":["GET"]}}],"collection":[{"href":"https:\/\/all-finance.de\/ru\/wp-json\/wp\/v2\/pages"}],"about":[{"href":"https:\/\/all-finance.de\/ru\/wp-json\/wp\/v2\/types\/page"}],"author":[{"embeddable":true,"href":"https:\/\/all-finance.de\/ru\/wp-json\/wp\/v2\/users\/1"}],"replies":[{"embeddable":true,"href":"https:\/\/all-finance.de\/ru\/wp-json\/wp\/v2\/comments?post=232"}],"version-history":[{"count":2,"href":"https:\/\/all-finance.de\/ru\/wp-json\/wp\/v2\/pages\/232\/revisions"}],"predecessor-version":[{"id":375,"href":"https:\/\/all-finance.de\/ru\/wp-json\/wp\/v2\/pages\/232\/revisions\/375"}],"up":[{"embeddable":true,"href":"https:\/\/all-finance.de\/ru\/wp-json\/wp\/v2\/pages\/188"}],"wp:attachment":[{"href":"https:\/\/all-finance.de\/ru\/wp-json\/wp\/v2\/media?parent=232"}],"curies":[{"name":"wp","href":"https:\/\/api.w.org\/{rel}","templated":true}]}}