{"id":230,"date":"2016-03-15T13:32:13","date_gmt":"2016-03-15T10:32:13","guid":{"rendered":"http:\/\/all-finance.de\/?page_id=230"},"modified":"2017-04-11T15:50:48","modified_gmt":"2017-04-11T12:50:48","slug":"architekten-ingenieure","status":"publish","type":"page","link":"https:\/\/all-finance.de\/ru\/geschaeftskunden\/berufshaftpflicht-vermoegensschaden\/architekten-ingenieure\/","title":{"rendered":"\u0410\u0440\u0445\u0438\u0442\u0435\u043a\u0442\u043e\u0440 &#038; \u0438\u043d\u0436\u0435\u043d\u0435\u0440"},"content":{"rendered":"<p class=\"qtranxs-available-languages-message qtranxs-available-languages-message-ru\">\u0418\u0437\u0432\u0438\u043d\u0438\u0442\u0435, \u044d\u0442\u043e\u0442 \u0442\u0435\u0445\u0442 \u0434\u043e\u0441\u0442\u0443\u043f\u0435\u043d \u0442\u043e\u043b\u044c\u043a\u043e \u0432 \u201c<a href=\"https:\/\/all-finance.de\/de\/wp-json\/wp\/v2\/pages\/230\" class=\"qtranxs-available-language-link qtranxs-available-language-link-de\" title=\"Deu\">Deu<\/a>\u201d. For the sake of viewer convenience, the content is shown below in the alternative language. You may click the link to switch the active language.<\/p><p><\/p>\n<div class=\"home_top\">\n<p><strong>Haftpflichtversicherung f\u00fcr Architekten und Ingenieure.<\/strong><\/p>\n<p style=\"text-align: justify;\">Die Risiken der Architekten und Ingenieure sind vielf\u00e4ltig und k\u00f6nnen sehr teuer ausfallen. Eine fehlerhafte Berechnung oder Konstruktionsfehler k\u00f6nnen schnell die berufliche Existenz gef\u00e4hrden. Eine Berufshaftpflichtversicherung f\u00fcr Architekten und Ingenieure bietet Schutz und deckt die Sach-, Verm\u00f6gens- und Personensch\u00e4den ab.<\/p>\n<div class=\"blocks2\">\n<div class=\"block\">\n<div id=\"attachment_1092\" style=\"width: 434px\" class=\"wp-caption alignnone\"><img loading=\"lazy\" decoding=\"async\" aria-describedby=\"caption-attachment-1092\" class=\"wp-image-1092 size-full\" src=\"http:\/\/all-finance.de\/wp-content\/uploads\/2017\/01\/Fotolia_116564801_XS.jpg\" alt=\"\" width=\"424\" height=\"283\" srcset=\"https:\/\/all-finance.de\/wp-content\/uploads\/2017\/01\/Fotolia_116564801_XS.jpg 424w, https:\/\/all-finance.de\/wp-content\/uploads\/2017\/01\/Fotolia_116564801_XS-300x200.jpg 300w\" sizes=\"auto, (max-width: 424px) 100vw, 424px\" \/><p id=\"caption-attachment-1092\" class=\"wp-caption-text\">\u00a9 ACP prod &#8212; fotolia.com #116564801<\/p><\/div>\n<p style=\"text-align: justify;\"><strong>Was f\u00fcr Architekten gibt es?<\/strong><\/p>\n<p style=\"text-align: justify;\">Die Architektengesetze sehen die Aufteilung des Berufes \u201eArchitekt\u201c in folgende Gruppen vor:<\/p>\n<ul>\n<li><strong>der im Hochbau t\u00e4tige Architekt<\/strong><\/li>\n<\/ul>\n<p style=\"text-align: justify;\">Er ber\u00e4t, betreut und vertritt den Bauherrn in den mit der Planung und Ausf\u00fchrung eines Bauvorhabens zusammenh\u00e4ngenden Angelegenheiten und \u00fcberwacht die Bauausf\u00fchrung vor Ort auf der Baustelle.<\/p>\n<ul>\n<li><strong>der Innenarchitekt<\/strong><\/li>\n<\/ul>\n<p style=\"text-align: justify;\">Der Innenarchitekt ist f\u00fcr die Planung von Innenr\u00e4umen verantwortlich, fertigt Entw\u00fcrfe f\u00fcr M\u00f6bel oder andere Einrichtungsgegenst\u00e4nde f\u00fcr M\u00f6belh\u00e4user, Ladenbaubetriebe, Messebaubetriebe, Arztpraxen oder auch Bautr\u00e4ger.<\/p>\n<ul>\n<li><strong>der Landschaftsarchitekt<\/strong><\/li>\n<\/ul>\n<p style=\"text-align: justify;\">Er plant und gestaltet Freir\u00e4ume innerhalb von Ballungsgebieten, ist f\u00fcr Landschaft- und Gr\u00fcnordnungsplanung zust\u00e4ndig, also z.B. bei Planung von Parks, Spielpl\u00e4tzen und Zoos.<\/p>\n<ul>\n<li><strong>der Stadtplaner<\/strong><\/li>\n<\/ul>\n<p style=\"text-align: justify;\">Stadtplaner sind vor allem f\u00fcr Bundes- und Landesbeh\u00f6rden oder Kommunen t\u00e4tig. Bei der stadtplanerischen T\u00e4tigkeit<br \/>\ngeht es um komplexe Strukturen und Vernetzung von technischen, \u00f6kologischen und wirtschaftlichen Gesichtspunkten unter Ber\u00fccksichtigung der st\u00e4dtebaulichen Bedingungen f\u00fcr Wohnen und Arbeiten..<\/p>\n<\/div>\n<div class=\"block_last\">\n<p style=\"text-align: justify;\"><strong>Was f\u00fcr Haftungsszenarien gibt es?<\/strong><\/p>\n<p style=\"text-align: justify;\">Um die Haftung f\u00fcr einen Schaden herzuleiten, ist zuerst einmal die Frage zu kl\u00e4ren, welche Leistungen der Architekt\/Ingenieur schuldet. Grundlage ist zun\u00e4chst immer der konkrete Vertrag. Regelungen speziell zum Architekten- und Ingenieurrecht enth\u00e4lt das B\u00fcrgerliche Gesetzbuch nicht. Lediglich in einer Vorschrift des BGB, \u00a7 634 a Abs. 1 Nr. 2 BGB, findet sich ein Hinweis darauf, dass bei \u201ePlanungs- oder \u00dcberwachungsleistungen f\u00fcr Bauwerke\u201c die Verj\u00e4hrungsvorschriften des Werkvertragsrechts gelten sollen. Es gibt jedoch auch eine Vielzahl von Leistungen, die im Gegensatz zu \u201egreifbaren\u201c Leistungen wie zum Beispiel Baupl\u00e4ne, Bautageb\u00fccher, Kostenberechnungen etc. eher Dienstleistungscharakter tragen. So z.B. die Bau\u00fcberwachung, die Beratung sowie die Aufkl\u00e4rung und Information des Bauherrn \u00fcber alle Fragen die im Zusammenhang mit dem Bauprojekt stehen. Hier k\u00f6nnen unter Umst\u00e4nden Regelungen des Dienstvertragsrechts Anwendung finden.<\/p>\n<p style=\"text-align: justify;\">Wir haben starke Rahmenvereinbarungen von ausgesuchten Produktpartner mit denen der breite Spektrum der genanten Risiken abgedeckt werden kann. Je nach individuellen Anforderungen der Architekten, Ingenieure (beratende Ingenieure), Bachelor und Master (technische Fachrichtungen), Geologen, Ingenieure und Sachverst\u00e4ndige im Erd- und Grundbau, Sachverst\u00e4ndige und Gutachter suchen wir passende Deckungsinhalte z.B.:<\/p>\n<ul>\n<ul>\n<li>zeitlich unbegrenzte Nachhaftung<\/li>\n<li>Versehensklausel<\/li>\n<li>Mindeststandards des GDV<\/li>\n<li>Verzicht auf R\u00fccktritt bei vorvertraglicher Anzeigepflichtverletzung<\/li>\n<li>weltweite Deckung nach deutschem Recht; europaweit nach Landesrecht<\/li>\n<li>Aktive Honorarklage im Falle eines vom Auftraggeber behaupteten Haftpflichtanspruchs<\/li>\n<li>Schutz f\u00fcr alle freiberuflichen Leistungen, die zum Berufsbild geh\u00f6ren, wie z.B. T\u00e4tigkeiten als SiGeKo, Sachverst\u00e4ndiger, Projektsteuerer, Ingenieurleistungen im Rahmen des Facility-Managements usw.(AGG)<\/li>\n<\/ul>\n<\/ul>\n<p style=\"text-align: justify;\">Stellen Sie uns eine\u00a0<a href=\"\/service-kontakt\/anfrage\/\">Anfrage<\/a> zum Berufshaftpflicht f\u00fcr\u00a0Architekten und Ingenieure!<\/p>\n<\/div>\n<\/div>\n<\/div>\n<p><\/p>","protected":false},"excerpt":{"rendered":"<p>\u0418\u0437\u0432\u0438\u043d\u0438\u0442\u0435, \u044d\u0442\u043e\u0442 \u0442\u0435\u0445\u0442 \u0434\u043e\u0441\u0442\u0443\u043f\u0435\u043d \u0442\u043e\u043b\u044c\u043a\u043e \u0432 \u201cDeu\u201d. For the sake of viewer convenience, the content is shown below in the alternative language. You may click the link to switch the active language. Haftpflichtversicherung f\u00fcr Architekten und Ingenieure. Die Risiken der Architekten und Ingenieure sind vielf\u00e4ltig und k\u00f6nnen sehr teuer ausfallen. Eine fehlerhafte Berechnung oder Konstruktionsfehler [&hellip;]<\/p>\n","protected":false},"author":1,"featured_media":0,"parent":188,"menu_order":20,"comment_status":"closed","ping_status":"closed","template":"","meta":{"footnotes":""},"class_list":["post-230","page","type-page","status-publish","hentry"],"_links":{"self":[{"href":"https:\/\/all-finance.de\/ru\/wp-json\/wp\/v2\/pages\/230","targetHints":{"allow":["GET"]}}],"collection":[{"href":"https:\/\/all-finance.de\/ru\/wp-json\/wp\/v2\/pages"}],"about":[{"href":"https:\/\/all-finance.de\/ru\/wp-json\/wp\/v2\/types\/page"}],"author":[{"embeddable":true,"href":"https:\/\/all-finance.de\/ru\/wp-json\/wp\/v2\/users\/1"}],"replies":[{"embeddable":true,"href":"https:\/\/all-finance.de\/ru\/wp-json\/wp\/v2\/comments?post=230"}],"version-history":[{"count":2,"href":"https:\/\/all-finance.de\/ru\/wp-json\/wp\/v2\/pages\/230\/revisions"}],"predecessor-version":[{"id":374,"href":"https:\/\/all-finance.de\/ru\/wp-json\/wp\/v2\/pages\/230\/revisions\/374"}],"up":[{"embeddable":true,"href":"https:\/\/all-finance.de\/ru\/wp-json\/wp\/v2\/pages\/188"}],"wp:attachment":[{"href":"https:\/\/all-finance.de\/ru\/wp-json\/wp\/v2\/media?parent=230"}],"curies":[{"name":"wp","href":"https:\/\/api.w.org\/{rel}","templated":true}]}}