{"id":228,"date":"2016-03-15T13:31:38","date_gmt":"2016-03-15T10:31:38","guid":{"rendered":"http:\/\/all-finance.de\/?page_id=228"},"modified":"2017-04-11T15:49:36","modified_gmt":"2017-04-11T12:49:36","slug":"online-shop-s","status":"publish","type":"page","link":"https:\/\/all-finance.de\/ru\/geschaeftskunden\/betriebshaftpflicht\/online-shop-s\/","title":{"rendered":"\u0418\u043d\u0442\u0435\u0440\u043d\u0435\u0442-\u043c\u0430\u0433\u0430\u0437\u0438\u043d\u044b"},"content":{"rendered":"<p class=\"qtranxs-available-languages-message qtranxs-available-languages-message-ru\">\u0418\u0437\u0432\u0438\u043d\u0438\u0442\u0435, \u044d\u0442\u043e\u0442 \u0442\u0435\u0445\u0442 \u0434\u043e\u0441\u0442\u0443\u043f\u0435\u043d \u0442\u043e\u043b\u044c\u043a\u043e \u0432 \u201c<a href=\"https:\/\/all-finance.de\/de\/wp-json\/wp\/v2\/pages\/228\" class=\"qtranxs-available-language-link qtranxs-available-language-link-de\" title=\"Deu\">Deu<\/a>\u201d. For the sake of viewer convenience, the content is shown below in the alternative language. You may click the link to switch the active language.<\/p><p><\/p>\n<div class=\"home_top\">\n<h4 style=\"text-align: justify;\">Betriebshaftpflicht f\u00fcr Online-Shops<\/h4>\n<p style=\"text-align: justify;\">Die Risiken der Online-Shops Betreiber sind vielf\u00e4ltig. Unser Angebot umfasst die Verm\u00f6gensschaden-, Betriebs- und Cyber-Eigenschadenversicherung und leistet insbesondere bei Verletzung fremder Rechte. Dazu z\u00e4hlen vor allem Urheber- oder Markenrechtsverletzungen. Mit der Cyber-Betriebsunterbrechung k\u00f6nnen optional auch Ertragsausf\u00e4lle durch Hackerangriffe abgesichert werden.<\/p>\n<div class=\"blocks2\">\n<div class=\"block\">\n<div id=\"attachment_1088\" style=\"width: 434px\" class=\"wp-caption alignnone\"><img loading=\"lazy\" decoding=\"async\" aria-describedby=\"caption-attachment-1088\" class=\"wp-image-1088 size-full\" src=\"http:\/\/all-finance.de\/wp-content\/uploads\/2017\/01\/Fotolia_129465028_XS.jpg\" alt=\"\" width=\"424\" height=\"283\" srcset=\"https:\/\/all-finance.de\/wp-content\/uploads\/2017\/01\/Fotolia_129465028_XS.jpg 424w, https:\/\/all-finance.de\/wp-content\/uploads\/2017\/01\/Fotolia_129465028_XS-300x200.jpg 300w\" sizes=\"auto, (max-width: 424px) 100vw, 424px\" \/><p id=\"caption-attachment-1088\" class=\"wp-caption-text\">\u00a9 sebra, fotolia.com #129465028<\/p><\/div>\n<p style=\"text-align: justify;\"><strong>Tarifliche Eckpunkte.<\/strong><\/p>\n<p style=\"text-align: justify;\">Versicherbar sind Handelsbetriebe im Internet, egal ob \u00fcber einen eigenen Online-Shop, Marktplattformen oder<br \/>\neine eigene native App, die folgende Artikel Verkaufen:<\/p>\n<ul>\n<li>Bekleidung (z. B. Kleidung, Schuhe, Taschen)<\/li>\n<li>Elektronikartikel (z. B. Fernsehern, Computern, Notebooks)<\/li>\n<li>Sportartikel (z. B. Freizeitger\u00e4ten, Sportbekleidung)<\/li>\n<li>Unterhaltungsartikeln (z. B. DVDs, Blu-rays, B\u00fccher, Zeitschriften)<\/li>\n<li>Einrichtungsgegenst\u00e4nden (z. B. M\u00f6bel oder Lampen)<\/li>\n<li>Kinder-\/Babyartikeln (z. B. Spielwaren, Kinderbekleidung, Kinderw\u00e4gen)<\/li>\n<li>Haushaltsger\u00e4ten (z. B. Waschmaschinen, K\u00fcchenger\u00e4ten)<\/li>\n<li>Tierzubeh\u00f6r (z. B. Leinen, Decken, Fressn\u00e4pfe)<\/li>\n<li>Tickets f\u00fcr Veranstaltungen, Events<\/li>\n<li>Schmuck, Uhren<\/li>\n<\/ul>\n<\/div>\n<div class=\"block_last\">\n<p style=\"text-align: justify;\"><strong>Weitere Deckungsinhalte sind unter anderem:<\/strong><\/p>\n<ul>\n<li>Erweiterte Produkthaftpflicht<\/li>\n<li>vertragliche, privatrechtliche und \u00f6ffentlich-rechtliche Anspr\u00fcchen<\/li>\n<li>Vertragsstrafen bei Verletzung von Geheimhaltungspflichten oder Datenschutzvereinbarung bis 25.000 \u20ac<\/li>\n<li>Anspr\u00fcche nach dem Allgemeinen Gleichstellungsgesetz (AGG)<\/li>\n<li>Verst\u00f6\u00dfen gegen Wettbewerb und unlautere Werbung<\/li>\n<li>Rechtsschutz f\u00fcr Straf- und Verg\u00fctungsklagen<\/li>\n<\/ul>\n<p style=\"text-align: justify;\"><strong>Optional gegen Pr\u00e4mienzuschlag versicherbar:<\/strong><\/p>\n<ul>\n<li>Betriebshaftpflicht<\/li>\n<li>Rechtsschutzbaustein<\/li>\n<li>Gewerbliche Schutzrechte<\/li>\n<li>Erweiterten Schutz f\u00fcr IT-T\u00e4tigkeiten<\/li>\n<li>Offline-Sch\u00e4den wie Mietsachsch\u00e4den<\/li>\n<li>Verletzung von Geheimhaltungspflichten<\/li>\n<li>Cyber-Betriebsunterbrechung<\/li>\n<li>Cyber-Erpressung und -L\u00f6segeld<\/li>\n<\/ul>\n<p style=\"text-align: justify;\">Bei Fragen zur Versicherungen f\u00fcr Online-Shops kontaktieren Sie uns! Wir helfen wir Ihnen gerne.<\/p>\n<\/div>\n<\/div>\n<\/div>\n<p><\/p>","protected":false},"excerpt":{"rendered":"<p>\u0418\u0437\u0432\u0438\u043d\u0438\u0442\u0435, \u044d\u0442\u043e\u0442 \u0442\u0435\u0445\u0442 \u0434\u043e\u0441\u0442\u0443\u043f\u0435\u043d \u0442\u043e\u043b\u044c\u043a\u043e \u0432 \u201cDeu\u201d. For the sake of viewer convenience, the content is shown below in the alternative language. You may click the link to switch the active language. Betriebshaftpflicht f\u00fcr Online-Shops Die Risiken der Online-Shops Betreiber sind vielf\u00e4ltig. Unser Angebot umfasst die Verm\u00f6gensschaden-, Betriebs- und Cyber-Eigenschadenversicherung und leistet insbesondere bei Verletzung [&hellip;]<\/p>\n","protected":false},"author":1,"featured_media":0,"parent":184,"menu_order":34,"comment_status":"closed","ping_status":"closed","template":"","meta":{"footnotes":""},"class_list":["post-228","page","type-page","status-publish","hentry"],"_links":{"self":[{"href":"https:\/\/all-finance.de\/ru\/wp-json\/wp\/v2\/pages\/228","targetHints":{"allow":["GET"]}}],"collection":[{"href":"https:\/\/all-finance.de\/ru\/wp-json\/wp\/v2\/pages"}],"about":[{"href":"https:\/\/all-finance.de\/ru\/wp-json\/wp\/v2\/types\/page"}],"author":[{"embeddable":true,"href":"https:\/\/all-finance.de\/ru\/wp-json\/wp\/v2\/users\/1"}],"replies":[{"embeddable":true,"href":"https:\/\/all-finance.de\/ru\/wp-json\/wp\/v2\/comments?post=228"}],"version-history":[{"count":6,"href":"https:\/\/all-finance.de\/ru\/wp-json\/wp\/v2\/pages\/228\/revisions"}],"predecessor-version":[{"id":1294,"href":"https:\/\/all-finance.de\/ru\/wp-json\/wp\/v2\/pages\/228\/revisions\/1294"}],"up":[{"embeddable":true,"href":"https:\/\/all-finance.de\/ru\/wp-json\/wp\/v2\/pages\/184"}],"wp:attachment":[{"href":"https:\/\/all-finance.de\/ru\/wp-json\/wp\/v2\/media?parent=228"}],"curies":[{"name":"wp","href":"https:\/\/api.w.org\/{rel}","templated":true}]}}