{"id":192,"date":"2016-03-15T12:40:09","date_gmt":"2016-03-15T09:40:09","guid":{"rendered":"http:\/\/all-finance.de\/?page_id=192"},"modified":"2025-03-05T12:02:27","modified_gmt":"2025-03-05T09:02:27","slug":"impressum","status":"publish","type":"page","link":"https:\/\/all-finance.de\/ru\/impressum\/","title":{"rendered":"\u0418\u043c\u043f\u0440\u0435\u0441\u0441\u0443\u043c"},"content":{"rendered":"<p class=\"qtranxs-available-languages-message qtranxs-available-languages-message-ru\">\u0418\u0437\u0432\u0438\u043d\u0438\u0442\u0435, \u044d\u0442\u043e\u0442 \u0442\u0435\u0445\u0442 \u0434\u043e\u0441\u0442\u0443\u043f\u0435\u043d \u0442\u043e\u043b\u044c\u043a\u043e \u0432 \u201c<a href=\"https:\/\/all-finance.de\/de\/wp-json\/wp\/v2\/pages\/192\" class=\"qtranxs-available-language-link qtranxs-available-language-link-de\" title=\"Deu\">Deu<\/a>\u201d. For the sake of viewer convenience, the content is shown below in the alternative language. You may click the link to switch the active language.<\/p><p><\/p>\n<p>ALL-Finance<br \/>\nAndrej Mechling<br \/>\nSudetenstra\u00dfe 9<br \/>\n87600 Kaufbeuren<\/p>\n<p>Tel.: 08341\/9979212<br \/>\ne-Mail: info(at)all-finance.de<br \/>\nInternet: www.all-finance.de<\/p>\n<p>Statusangabe:<br \/>\n&#8212; Erlaubnis nach \u00a7 34d Abs. 1 Gewerbeordnung (Versicherungsmakler)<br \/>\n&#8212; Erlaubnis nach \u00a7 34f Abs. 1 Gewerbeordnung (Finanzanlagenvermittler)<br \/>\n&#8212; Erlaubnis nach \u00a7 34i Absatz 1 Satz 1 Gewerbeordnung (Immobiliardarlehensvermittler)<br \/>\n&#8212; Erlaubnis nach \u00a7 34c Absatz 1 Satz 1 Nummer 1 Gewerbeordnung (Immobilienmakler)<br \/>\n&#8212; Erlaubnis nach \u00a7 34c Absatz 1 Satz 1 Nummer 2 Gewerbeordnung (Vermittlung des Abschlusses von Darlehensvertr\u00e4gen, mit Ausnahme von Vertr\u00e4gen im Sinne des \u00a7 34i Absatz 1 Satz 1 Gewerbeordnung, oder Nachweis der Gelegenheit zum Abschluss solcher Vertr\u00e4ge)<\/p>\n<p><span style=\"font-size: inherit;\">Aufsichtsbeh\u00f6rde:<br \/>\n<\/span>Industrie- und Handelskammer f\u00fcr M\u00fcnchen und Oberbayern, Max-Joseph-Stra\u00dfe 2, 80333 M\u00fcnchen.<br \/>\n<a href=\"http:\/\/ihk-muenchen.de\">www.ihk-muenchen.de<\/a><\/p>\n<p>Gewerbeerlaubnis gem. \u00a734c GewO wurde erteilt durch: Stadt Kaufbeuren, Kaiser-Max-Str. 1, 87600 Kaufbeuren.<br \/>\nZust\u00e4ndige Aufsichtsbeh\u00f6rde: Ordnungsamt Kaufbeuren, Am Graben 3, 87600 Kaufbeuren.<\/p>\n<p>Vermittlerregister <a href=\"http:\/\/www.vermittlerregister.info\">www.vermittlerregister.info<\/a><\/p>\n<p>Registrierungs-Nr. D-YWQO-K69RM-27 (f\u00fcr \u00a7 34d GewO),<br \/>\nRegistrierungs-Nr. D-F-155-5IAX-24 (f\u00fcr \u00a7 34f GewO),<br \/>\nRegistrierungs-Nr. D-W-155-TWGA-35 (f\u00fcr \u00a7 34i GewO)<\/p>\n<p><strong>Berufsbezeichnung:<\/strong><br \/>\nVersicherungsmakler mit Erlaubnis nach \u00a7 34d Absatz 1 Gewerbeordnung, Bundesrepublik Deutschland,<br \/>\nFinanzanlagenvermittler nach \u00a7 34f Absatz 1 Gewerbeordnung; Bundesrepublik Deutschland,<br \/>\nImmobiliardarlehensvermittler nach \u00a7 34i Absatz 1 Gewerbeordnung; Bundesrepublik Deutschland.<\/p>\n<p>Zust\u00e4ndige Berufskammer: Industrie- und Handelskammer Schwaben, Stettenstra\u00dfe 1+3, 86150 Augsburg<\/p>\n<p><strong>Berufsrechtliche Regelungen f\u00fcr die T\u00e4tigkeit als Versicherungsmakler:<\/strong><br \/>\n&#8212; \u00a7 34d Gewerbeordnung (GewO)<br \/>\n&#8212; \u00a7\u00a7 59 &#8212; 68 Gesetz \u00fcber den Versicherungsvertrag (VVG)<br \/>\n<span style=\"font-size: inherit;\">&#8212; \u00a7 48b Versicherungsaufsichtsgesetz (VAG)<br \/>\n<\/span>&#8212; Verordnung \u00fcber die Versicherungsvermittlung und -beratung (VersVermV)<\/p>\n<p><strong>Berufsrechtliche Regelungen f\u00fcr die T\u00e4tigkeit als Finanzanlagenvermittler:<\/strong><br \/>\n&#8212; \u00a7 34f Gewerbeordnung (GewO)<br \/>\n&#8212; Verordnung \u00fcber die Finanzanlagenvermittlung (FinVermV)<\/p>\n<p><strong>Berufsrechtliche Regelungen f\u00fcr die T\u00e4tigkeit als Immobiliardarlehensvermittler:<\/strong><br \/>\n&#8212; \u00a7 34i Gewerbeordnung (GewO)<br \/>\n&#8212; Verordnung \u00fcber Immobiliardarlehensvermittlung (ImmVermV)<br \/>\n&#8212; \u00a7\u00a7 655a-655e B\u00fcrgerliches Gesetzbuch (BGB)<br \/>\n&#8212; Art. 229 \u00a7 38 und Art. 247 \u00a7\u00a7 13, 13b Einf\u00fchrungsgesetz\u00a0zum\u00a0B\u00fcrgerlichen Gesetzbuche (EGBGB)<\/p>\n<p style=\"text-align: left;\">Die berufsrechtlichen Regelungen k\u00f6nnen \u00fcber die vom Bundesministerium der Justiz und von\u00a0der juris GmbH betriebenen Homepage <a href=\"http:\/\/www.gesetze-im-internet.de\">www.gesetze-im-internet.de<\/a> eingesehen und abgerufen<br \/>\nwerden.<\/p>\n<p style=\"text-align: left;\">Europ\u00e4ische Online-Streitbeilegungsplattform<br \/>\nunter <a href=\"https:\/\/webgate.ec.europa.eu\/odr\"><strong>https:\/\/webgate.ec.europa.eu\/odr<\/strong><\/a><\/p>\n<p style=\"text-align: left;\"><strong><span style=\"color: inherit; font-size: 1.25em;\">Bildrechte<\/span><\/strong><br \/>\n\u00a9 auremar, Fotolia.com #141792740; \u00a9 Gina Sanders, Fotolia.com #66658961; \u00a9 Floydine, Fotolia.com #104871790 &#8212; Zweite Headergrafik auf Start-Seite von all-finance.de; \u00a9 drubig-photo, Fotolia.com #136935968; \u00a9 Rido, Fotolia.com #<span class=\"trunc-string\">107163116; \u00a9 Robert Kneschke, Fotolia.com #101145590; <\/span>\u00a9 drubig-photo, Fotolia.com #139816981; \u00a9 Gina Sanders, Fotolia.com #36717587; \u00a9 Smole, Fotolia.com #121091382; \u00a9 Yuri Bizgaimer, Fotolia.com #83216730; \u00a9 Kzenon, Fotolia.com #55718388; \u00a9 Kara, Fotolia.com #96238286; \u00a9 RioPatuca Images, Fotolia.com #47162666; \u00a9 laviniaparscuta, Fotolia.com #26724270; \u00a9 chatgunner, Fotolia.com #133235628; \u00a9 razvan_1799, Fotolia.com #<span class=\"trunc-string\">96977075; \u00a9 wsf-f, Fotolia.com #136591407; \u00a9 Studio Romantic, Fotolia #117498914; \u00a9 Tomasz Zajda, Fotolia.com #119263002; \u00a9 ghazii, Fotolia.com #129114668; \u00a9 redaktion93, Fotolia.com #99800276; \u00a9 Andrey Popov, Fotolia.com #84593485; \u00a9 Andrey Popov, Fotolia.com #133157698; \u00a9 Parris Cope, Fotolia.com #21320595; \u00a9 nordroden, Fotolia.com #132979532; \u00a9 industrieblick, Fotolia.com #132816118; \u00a9 Robert Kneschke, Fotolia #113362282; \u00a9 yurolaitsalbert, Fotolia.com #78607497; \u00a9 jaguardo, Fotolia.com #70680750; \u00a9 Petinovs, Fotolia.com #129713457; \u00a9 industrieblick, Fotolia.com #64617199; \u00a9 Prostock-studio, Fotolia.com #133912848; \u00a9 Andrey Popov, Fotolia.com #91103691; \u00a9 Gina Sanders, Fotolia.com #106856272; \u00a9 contrastwerkstatt, Fotolia.com #62533470; \u00a9 ACP prod, Fotolia.com #116564801; \u00a9 sebra, Fotolia.com #129465028; \u00a9 wsf-f, Fotolia.com #109138340; \u00a9 industrieblick, Fotolia.com #73710550; \u00a9 karepa, Fotolia.com #91847528; \u00a9 Monkey Business, Fotolia.com #84480003; \u00a9 Andrey Popov, Fotolia.com #100775255; \u00a9 ake1150, Fotolia.com #126529840; \u00a9 Calado, Fotolia.com #113798120; \u00a9 ACP prod, Fotolia.com #109695265; \u00a9 ilietus, Fotolia.com #113262563; \u00a9 plus69, Fotolia.com #104414516; \u00a9 drubig-photo, Fotolia.com #101918647; \u00a9 Astarot, Fotolia.com #86060274; \u00a9 StockPhotoPro, Fotolia.com #104278014; \u00a9 Thaut Images, Fotolia.com #18384511; \u00a9 exclusive-design, fotolia.com #182381044;\u00a9 Janina Dierks, Fotolia.com #191296719; Clipdealer #341075 by SeanPrior<br \/>\n<\/span><\/p>\n<p style=\"text-align: left;\">Das Impressum gilt auch f\u00fcr folgende Onlinepr\u00e4senzen:<\/p>\n<p>Facebook: https:\/\/www.facebook.com\/allfinance.de<br \/>\nFacebook: https:\/\/www.facebook.com\/andrej.mechling<br \/>\nLinkedIn: https:\/\/de.linkedin.com\/in\/andrej-mechling-4b2397b8<br \/>\nOdnoklassniki: https:\/\/ok.ru\/allfinance<br \/>\nXing: https:\/\/www.xing.com\/companies\/all-financeinh.andrejmechling<br \/>\nGoogle+: https:\/\/plus.google.com\/113410091341831957451<br \/>\nGoogle+: https:\/\/plus.google.com\/u\/0\/108313472240830543609<\/p>\n<p>Haftungshinweis<br \/>\nTrotz sorgf\u00e4ltiger inhaltlicher Kontrolle \u00fcbernehmen wir keine Haftung f\u00fcr die Inhalte externer Links. F\u00fcr den Inhalt der verlinkten Seiten sind ausschlie\u00dflich deren Betreiber verantwortlich.<\/p>\n<p style=\"text-align: left;\">\u00a9 Copyright der verwendeten Texte und Bilder: Adresse und E-Mail f\u00fcr Kontakt siehe oben.<br \/>\nEine Weiterverwendung der Texte und Bilder ist nur mit ausdr\u00fccklicher Genehmigung des jeweiligen Besitzers statthaft.<\/p>\n<p><\/p>","protected":false},"excerpt":{"rendered":"<p>\u0418\u0437\u0432\u0438\u043d\u0438\u0442\u0435, \u044d\u0442\u043e\u0442 \u0442\u0435\u0445\u0442 \u0434\u043e\u0441\u0442\u0443\u043f\u0435\u043d \u0442\u043e\u043b\u044c\u043a\u043e \u0432 \u201cDeu\u201d. For the sake of viewer convenience, the content is shown below in the alternative language. You may click the link to switch the active language. ALL-Finance Andrej Mechling Sudetenstra\u00dfe 9 87600 Kaufbeuren Tel.: 08341\/9979212 e-Mail: info(at)all-finance.de Internet: www.all-finance.de Statusangabe: &#8212; Erlaubnis nach \u00a7 34d Abs. 1 Gewerbeordnung (Versicherungsmakler) [&hellip;]<\/p>\n","protected":false},"author":1,"featured_media":0,"parent":0,"menu_order":0,"comment_status":"closed","ping_status":"closed","template":"","meta":{"footnotes":""},"class_list":["post-192","page","type-page","status-publish","hentry"],"_links":{"self":[{"href":"https:\/\/all-finance.de\/ru\/wp-json\/wp\/v2\/pages\/192","targetHints":{"allow":["GET"]}}],"collection":[{"href":"https:\/\/all-finance.de\/ru\/wp-json\/wp\/v2\/pages"}],"about":[{"href":"https:\/\/all-finance.de\/ru\/wp-json\/wp\/v2\/types\/page"}],"author":[{"embeddable":true,"href":"https:\/\/all-finance.de\/ru\/wp-json\/wp\/v2\/users\/1"}],"replies":[{"embeddable":true,"href":"https:\/\/all-finance.de\/ru\/wp-json\/wp\/v2\/comments?post=192"}],"version-history":[{"count":10,"href":"https:\/\/all-finance.de\/ru\/wp-json\/wp\/v2\/pages\/192\/revisions"}],"predecessor-version":[{"id":1368,"href":"https:\/\/all-finance.de\/ru\/wp-json\/wp\/v2\/pages\/192\/revisions\/1368"}],"wp:attachment":[{"href":"https:\/\/all-finance.de\/ru\/wp-json\/wp\/v2\/media?parent=192"}],"curies":[{"name":"wp","href":"https:\/\/api.w.org\/{rel}","templated":true}]}}