{"id":185,"date":"2016-03-15T12:38:56","date_gmt":"2016-03-15T09:38:56","guid":{"rendered":"http:\/\/all-finance.de\/?page_id=185"},"modified":"2025-01-30T21:48:29","modified_gmt":"2025-01-30T18:48:29","slug":"erstinformation","status":"publish","type":"page","link":"https:\/\/all-finance.de\/ru\/erstinformation\/","title":{"rendered":"\u0418\u0441\u0445\u043e\u0434\u043d\u0430\u044f \u0438\u043d\u0444\u043e\u0440\u043c\u0430\u0446\u0438\u044f"},"content":{"rendered":"<p class=\"qtranxs-available-languages-message qtranxs-available-languages-message-ru\">\u0418\u0437\u0432\u0438\u043d\u0438\u0442\u0435, \u044d\u0442\u043e\u0442 \u0442\u0435\u0445\u0442 \u0434\u043e\u0441\u0442\u0443\u043f\u0435\u043d \u0442\u043e\u043b\u044c\u043a\u043e \u0432 \u201c<a href=\"https:\/\/all-finance.de\/de\/wp-json\/wp\/v2\/pages\/185\" class=\"qtranxs-available-language-link qtranxs-available-language-link-de\" title=\"Deu\">Deu<\/a>\u201d. For the sake of viewer convenience, the content is shown below in the alternative language. You may click the link to switch the active language.<\/p><p><\/p>\n<p>ALL-Finance<br \/>Inh. Andrej Mechling<br \/>Sudetenstra\u00dfe 9<br \/>87600 Kaufbeuren<\/p>\n<p>Tel.: 08341\/9979212<br \/>Fax: 08341\/9664533<br \/>e-Mail: info(at)all-finance.de<br \/>Internet: www.all-finance.de<\/p>\n<p><a href=\"https:\/\/all-finance.de\/wp-content\/uploads\/2021\/03\/Erstinformation.pdf\">Als PDF downloaden<\/a><\/p>\n<p><strong>Statusangabe:<br \/><\/strong>-Erlaubnis nach \u00a7 34d Abs. 1 Gewerbeordnung (Versicherungsmakler)<br \/>-Erlaubnis nach \u00a7 34f Abs. 1 Gewerbeordnung (Finanzanlagenvermittler)<br \/>-Erlaubnis nach \u00a7 34i Absatz 1 Satz 1 Gewerbeordnung (Immobiliardarlehensvermittler)<br \/>-Erlaubnis nach \u00a7 34c Absatz 1 Satz 1 Nummer 1 Gewerbeordnung (Immobilienmakler)<br \/>-Erlaubnis nach \u00a7 34c Absatz 1 Satz 1 Nummer 2 Gewerbeordnung (Vermittlung des Abschlusses von Darlehensvertr\u00e4gen, mit Ausnahme von Vertr\u00e4gen im Sinne des \u00a7 34i Absatz 1 Satz 1 Gewerbeordnung, oder Nachweis der Gelegenheit zum Abschluss solcher Vertr\u00e4ge)<\/p>\n<p><strong>Aufsichtsbeh\u00f6rde und zust\u00e4ndige Beh\u00f6rde f\u00fcr die Erlaubnis:<br \/><\/strong>Industrie- und Handelskammer f\u00fcr M\u00fcnchen und Oberbayern, Max-Joseph-Stra\u00dfe 2, 80333 M\u00fcnchen.<br \/><a href=\"http:\/\/www.ihk-muenchen.de\">www.ihk-muenchen.de<\/a><\/p>\n<p><strong>Vermittlerregister<\/strong>:<br \/>Registrierungs-Nr. D-YWQO-K69RM-27 (f\u00fcr \u00a7 34d GewO)<br \/>Registrierungs-Nr. D-F-155-5IAX-24 (f\u00fcr \u00a7 34f GewO)<br \/>Registrierungs-Nr. D-W-155-TWGA-35 (f\u00fcr \u00a7 34i GewO)<\/p>\n<p><strong>Gemeinsame Registerstelle:<br \/><\/strong>Deutscher Industrie- und Handelskammertag (DIHK) e.V.<br \/>Breite Stra\u00dfe 29, 10178 Berlin.Telefon 0180-600-585-0 *<br \/><a href=\"http:\/\/www.vermittlerregister.info\">www.vermittlerregister.info<\/a><br \/>* 20 Cent\/Anruf aus dem deutschen Festnetz, h\u00f6chstens 60 Cent\/Anruf aus Mobilfunknetzen<\/p>\n<p><strong>Berufsbezeichnung:<\/strong><br \/>Versicherungsmakler mit Erlaubnis nach \u00a7 34d Absatz 1 Gewerbeordnung, Bundesrepublik Deutschland,<br \/>Finanzanlagenvermittler nach \u00a7 34f Absatz 1 Gewerbeordnung; Bundesrepublik Deutschland,<br \/>Immobiliardarlehensvermittler nach \u00a7 34i Absatz 1 Gewerbeordnung; Bundesrepublik Deutschland.<\/p>\n<p><strong>Berufsrechtliche Regelungen f\u00fcr die T\u00e4tigkeit als Versicherungsmakler:<\/strong><br \/>&#8212; \u00a7 34d Gewerbeordnung (GewO)<br \/>&#8212; \u00a7\u00a7 59 &#8212; 68 Gesetz \u00fcber den Versicherungsvertrag (VVG)<br \/>&#8212; \u00a7 48b Versicherungsaufsichtsgesetz (VAG)<br \/>&#8212; Verordnung \u00fcber die Versicherungsvermittlung und -beratung (VersVermV)<\/p>\n<p><strong>Berufsrechtliche Regelungen f\u00fcr die T\u00e4tigkeit als Finanzanlagenvermittler:<\/strong><br \/>&#8212; \u00a7 34f Gewerbeordnung (GewO)<br \/>&#8212; Verordnung \u00fcber die Finanzanlagenvermittlung (FinVermV)<\/p>\n<p><strong>Berufsrechtliche Regelungen f\u00fcr die T\u00e4tigkeit als Immobiliardarlehensvermittler:<\/strong><br \/>&#8212; \u00a7 34i Gewerbeordnung (GewO)<br \/>&#8212; Verordnung \u00fcber Immobiliardarlehensvermittlung (ImmVermV)<br \/>&#8212; \u00a7\u00a7 655a-655e B\u00fcrgerliches Gesetzbuch (BGB)<br \/>&#8212; Art. 229 \u00a7 38 und Art. 247 \u00a7\u00a7 13, 13b Einf\u00fchrungsgesetz\u00a0zum\u00a0B\u00fcrgerlichen Gesetzbuche (EGBGB)<\/p>\n<p>Die berufsrechtlichen Regelungen k\u00f6nnen \u00fcber die vom Bundesministerium der Justiz und von der juris GmbH betriebenen Homepage <a href=\"http:\/\/www.gesetze-im-internet.de\">www.gesetze-im-internet.de<\/a> eingesehen und abgerufen werden.<\/p>\n<p><strong>Beteiligungen:<br \/><\/strong>Es besteht keine unmittelbare oder mittelbare Beteiligung \u00fcber zehn Prozent am Stimmrecht oder Kapital eines Versicherers durch Maklerunternehmen\/Versicherungsmakler. Es besteht keine unmittelbare oder mittelbare Beteiligung \u00fcber zehn Prozent an Stimmrecht oder Kapital des Maklerunternehmens\/Versicherungsmakler durch Versicherer.<\/p>\n<p><strong>Beratung:\u00a0<\/strong>Unsere T\u00e4tigkeit beinhaltet auch Beratung.<\/p>\n<p><strong>Art und Quelle der Verg\u00fctung:<br \/><\/strong>Die Verg\u00fctung unserer T\u00e4tigkeit erfolgt als:<br \/>in der Versicherungspr\u00e4mie enthaltene Courtage, die vom jeweiligen Versicherungsunternehmen ausgezahlt wird oder als<br \/>konkret vereinbarte Zahlung durch den Kunden oder als<br \/>Kombination aus beidem.<br \/>Dies ist abh\u00e4ngig von den W\u00fcnschen und Bed\u00fcrfnissen des Kunden und den Versicherungsprodukten, welche eventuell vermittelt werden.<\/p>\n<p><strong>Informationen \u00fcber Emittenten und Anbieter, zu deren Finanzanlagen Vermittlungs- oder Beratungsleistungen angeboten werden:<br \/><\/strong>Vermittelt und beraten wird zu Finanzanlagen aus der gesamten Breite des in Deutschland bestehenden Marktes, soweit dies im Rahmen der beh\u00f6rdlichen Zulassung als Finanzanlagenvermittler nach \u00a7 34f GewO zul\u00e4ssig ist.<\/p>\n<p><strong>Informationen \u00fcber die Verg\u00fctung bei der Finanzanlagenberatung und -vermittlung:<br \/><\/strong>Im Zusammenhang mit der Anlageberatung oder -vermittlung kann die Verg\u00fctung hierf\u00fcr durch den Anleger oder durch Dritte (Produktgeber) oder<br \/>in Kombination erfolgen. Dies ist abh\u00e4ngig von den W\u00fcnschen und Bed\u00fcrfnissen des Anlegers und den Finanzprodukten, welche eventuell vermittelt werden.<br \/>Soweit die Verg\u00fctungsbestandteile insofern durch den Anleger gezahlt werden, erfolgt dies entsprechend gesondert zu treffenden Verg\u00fctungsvereinbarung. Hierbei wird offengelegt ob eine weitere Verg\u00fctung durch den Produktgeber erfolgt.<\/p>\n<p><strong>Nachfolgende Schlichtungsstellen k\u00f6nnen zur au\u00dfergerichtlichen Streitbeilegung angerufen werden und wir sind bereit an Streitbeilegungsverfahren teilzunehmen:<br \/><\/strong>Schlichtungsstelle f\u00fcr gewerbliche Versicherungs-, Anlage- und Kreditvermittlung, Postfach 10 14 24, 20009 Hamburg <br \/><a href=\"http:\/\/www.schlichtung-finanzberatung.de\">www.schlichtung-finanzberatung.de<\/a><\/p>\n<p>Versicherungsombudsmann e.V., Postfach 08 06 32, 10006 Berlin.<br \/><a href=\"http:\/\/www.versicherungsombudsmann.de\">www.versicherungsombudsmann.de<\/a><\/p>\n<p>Ombudsmann Private Kranken- und Pflegeversicherung, Postfach 06 02 22, 10052 Berlin <br \/><a href=\"http:\/\/www.pkv-ombudsmann.de\">www.pkv-ombudsmann.de<\/a><\/p>\n<p>Verband der Privaten Bausparkassen e.V.\u00a0 Klingelh\u00f6ferstra\u00dfe 4, 10785 Berlin<br \/><a href=\"http:\/\/www.schlichtungsstelle-bausparen.de\">www.schlichtungsstelle-bausparen.de<\/a><\/p>\n<p><strong>Europ\u00e4ische Kommission Online-Streitbeilegungsplattform<\/strong><br \/><a href=\"http:\/\/www.ec.europa.eu\/consumers\/odr\/\">www.ec.europa.eu\/consumers\/odr\/<\/a><\/p>\n<p><b>Beschwerdemanagement<\/b><strong>: <\/strong>Beschwerden sind in Textform an die Gesch\u00e4ftsleitung zu richten und werden im Rahmen unseres Beschwerdemanagements unverz\u00fcglich bearbeitet.<\/p>\n<p><strong>Transparenzverordnung (TVO)<br \/><\/strong><strong>Verordnung (EU) 2019\/2088 vom 27.11.2019 \u00fcber nachhaltigkeitsbezogene <\/strong><strong>Offenlegungspflichten im Finanzdienstleistungssektor<br \/><\/strong>Nachhaltigkeit ist f\u00fcr uns ein wichtiges Thema! Daher beraten wir unsere Kunden unter anderem auch zu nachhaltigen Kapitalanlagen bei den von uns vermittelten Produkten individuell und pers\u00f6nlich. Aktuell k\u00f6nnen diese gut bei fondsgebundenen Produkten durch die Auswahl von ESG-konformen Investmentfonds dargestellt werden. Im Rahmen der individuellen Beratung weisen wir auf erkennbare Vor- bzw. Nachteile hin. Bei sonstigen Versicherungsprodukten ist derzeit die Betrachtung der nachhaltigen Kapitalanlage im Hinblick auf deren Kapitalstock h\u00e4ufig noch nicht m\u00f6glich. F\u00fcr die Vermittlung von nachhaltigen Kapitalanlagen erhalten wir -und verg\u00fcten- regelm\u00e4\u00dfig die gleichen Verg\u00fctungss\u00e4tze wie f\u00fcr andere Kapitalanlagen auch.<\/p>\n<p><\/p>\n\n\n<p><\/p>","protected":false},"excerpt":{"rendered":"<p>\u0418\u0437\u0432\u0438\u043d\u0438\u0442\u0435, \u044d\u0442\u043e\u0442 \u0442\u0435\u0445\u0442 \u0434\u043e\u0441\u0442\u0443\u043f\u0435\u043d \u0442\u043e\u043b\u044c\u043a\u043e \u0432 \u201cDeu\u201d. For the sake of viewer convenience, the content is shown below in the alternative language. You may click the link to switch the active language. ALL-FinanceInh. Andrej MechlingSudetenstra\u00dfe 987600 Kaufbeuren Tel.: 08341\/9979212Fax: 08341\/9664533e-Mail: info(at)all-finance.deInternet: www.all-finance.de Als PDF downloaden Statusangabe:-Erlaubnis nach \u00a7 34d Abs. 1 Gewerbeordnung (Versicherungsmakler)-Erlaubnis nach \u00a7 [&hellip;]<\/p>\n","protected":false},"author":1,"featured_media":0,"parent":0,"menu_order":0,"comment_status":"closed","ping_status":"closed","template":"","meta":{"footnotes":""},"class_list":["post-185","page","type-page","status-publish","hentry"],"_links":{"self":[{"href":"https:\/\/all-finance.de\/ru\/wp-json\/wp\/v2\/pages\/185","targetHints":{"allow":["GET"]}}],"collection":[{"href":"https:\/\/all-finance.de\/ru\/wp-json\/wp\/v2\/pages"}],"about":[{"href":"https:\/\/all-finance.de\/ru\/wp-json\/wp\/v2\/types\/page"}],"author":[{"embeddable":true,"href":"https:\/\/all-finance.de\/ru\/wp-json\/wp\/v2\/users\/1"}],"replies":[{"embeddable":true,"href":"https:\/\/all-finance.de\/ru\/wp-json\/wp\/v2\/comments?post=185"}],"version-history":[{"count":0,"href":"https:\/\/all-finance.de\/ru\/wp-json\/wp\/v2\/pages\/185\/revisions"}],"wp:attachment":[{"href":"https:\/\/all-finance.de\/ru\/wp-json\/wp\/v2\/media?parent=185"}],"curies":[{"name":"wp","href":"https:\/\/api.w.org\/{rel}","templated":true}]}}