{"id":164,"date":"2016-03-15T12:08:12","date_gmt":"2016-03-15T09:08:12","guid":{"rendered":"http:\/\/all-finance.de\/?page_id=164"},"modified":"2017-04-03T13:24:07","modified_gmt":"2017-04-03T10:24:07","slug":"staatliche-foerderpflege","status":"publish","type":"page","link":"https:\/\/all-finance.de\/ru\/privatkunden\/pflege-versicherung\/staatliche-foerderpflege\/","title":{"rendered":"\u0423\u0445\u043e\u0434 &#8212; \u0441\u043f\u043e\u043d\u0441\u0438\u0440\u0443\u0435\u043c\u044b\u0439 \u0433\u043e\u0441\u0443\u0434\u0430\u0440\u0441\u0442\u0432\u043e\u043c"},"content":{"rendered":"<p class=\"qtranxs-available-languages-message qtranxs-available-languages-message-ru\">\u0418\u0437\u0432\u0438\u043d\u0438\u0442\u0435, \u044d\u0442\u043e\u0442 \u0442\u0435\u0445\u0442 \u0434\u043e\u0441\u0442\u0443\u043f\u0435\u043d \u0442\u043e\u043b\u044c\u043a\u043e \u0432 \u201c<a href=\"https:\/\/all-finance.de\/de\/wp-json\/wp\/v2\/pages\/164\" class=\"qtranxs-available-language-link qtranxs-available-language-link-de\" title=\"Deu\">Deu<\/a>\u201d. For the sake of viewer convenience, the content is shown below in the alternative language. You may click the link to switch the active language.<\/p><p><\/p>\n<div class=\"home_top\">\n<h4 style=\"text-align: justify;\">Pflege-Bahr &#8212; die staatlich gef\u00f6rderte Pflege-Zusatzversicherung<\/h4>\n<p style=\"text-align: justify;\">Seit Januar 2013 ist es nun endlich so weit: Vater Staat hat  daf\u00fcr  gesorgt,  dass  nahezu  jeder  das  gr\u00f6\u00dfte  aller Volksprobleme  l\u00f6sen  kann:  die  Kosten  der  Pflege bed\u00fcrftigkeit.  \u201ePflege-Bahr\u201c  erm\u00f6glicht  es  fast  jedem, ohne  Gesundheitspr\u00fcfung  private  Vorsorge  gegen  den hohen Eigenanteil der Kosten im Pflegefall zu erhalten. Auch bereits kranke B\u00fcrger kommen in diesen Genuss. Es kommt sogar noch besser: Der Staat \u00fcbernimmt bis zu einem Drittel der Beitr\u00e4ge f\u00fcr Sie!<\/p>\n<div class=\"blocks2\">\n<div class=\"block\">\n<p><iframe loading=\"lazy\" style=\"background: transparent; width: 500px; height: 292px;\" src=\"https:\/\/video.vema-eg.de\/?v=MHwwfGJhaHJfcGt2fDFlODB8MA%3D%3D\" width=\"300\" height=\"150\" frameborder=\"0\"><\/iframe><\/p>\n<p style=\"text-align: justify;\"><strong>Wie sind die Rahmenbedingungen zu Pflege Bahr?<\/strong><\/p>\n<p style=\"text-align: justify;\">Wie jede andere Form der staatlich gef\u00f6rderten Vorsorge, gibt es auch f\u00fcr die gef\u00f6rderte Pflegeerg\u00e4nzung gewisse Rahmenbedingungen, die eingehalten werden m\u00fcssen. Die Verpflichtungen m\u00fcssen teilweise vom Versicherer, teilweise vom Kunden eingehalten werden. Im Einzelnen sind dies:<\/p>\n<ul>\n<li>es findet eine staatliche F\u00f6rderung von 60 Euro pro Jahr unabh\u00e4ngig von Beitragsh\u00f6he oder Einkommen statt<\/li>\n<li>die F\u00f6rderung steht allen Vollj\u00e4hrigen ohne Altersbegrenzung offen<\/li>\n<li>gef\u00f6rdert werden ausschlie\u00dflich Pflegetagegeldversicherungen (also nicht die Pflegekostentarife und Pflegerenten)<\/li>\n<li>die versicherte Person hat einen eigenen Mindesteigenbeitrag von 10 Euro im Monat zu zahlen<\/li>\n<li>Wartezeit von bis zu 5 Jahren<\/li>\n<li>Kontrahierungszwang, sofern noch keine Pflegebed\u00fcrftigkeit oder Demenz festgestellt wurde<\/li>\n<li>keine Risikozuschl\u00e4ge<\/li>\n<li>keine Leistungsausschl\u00fcsse<\/li>\n<\/ul>\n<\/div>\n<div class=\"block_last\">\n<p style=\"text-align: justify;\"><strong>F\u00fcr wen ist Pflege Bahr interessant?<\/strong><\/p>\n<p style=\"text-align: justify;\">Grunds\u00e4tzlich ist private Pflegeerg\u00e4nzung f\u00fcr jeden B\u00fcrger ein Thema, um das er sich eigenverantwortlich k\u00fcmmern sollte. Daher ist die staatlich gef\u00f6rderte Pflegeerg\u00e4nzung auch grunds\u00e4tzlich f\u00fcr jeden vollj\u00e4hrigen B\u00fcrger interessant. Bedingt durch die Annahmeverpflichtung der Versicherer, eignet sich dieser L\u00f6sungsweg nat\u00fcrlich vor allem f\u00fcr Kunden, die bereits eine gewisse Krankengeschichte vorweisen &#8212; das kann auch Ihre Gro\u00dfmutter oder Ihr Schwiegervater sein, f\u00fcr deren Pflegekosten Sie evtl. aufkommen m\u00fcssen, wenn der Pflegefall eintritt<\/p>\n<p style=\"text-align: justify;\">Wem die Leistungss\u00e4tze in den einzelnen Pflegegraden nicht zusagen, oder wer keine Wartezeit einhalten m\u00f6chte, bis die Leistung zur Verf\u00fcgung steht, kann wie bisher auch auf \u201enormale\u201c Tarife der Pflegeerg\u00e4nzung ausweichen, die evtl. eine Gesundheitspr\u00fcfung n\u00f6tig machen.<\/p>\n<p style=\"text-align: justify;\"><strong>Versicherungsschutz muss zu Ihnen passen!<\/strong><\/p>\n<p style=\"text-align: justify;\">Wie in allen anderen Bereichen der Vorsorge auch, muss auch hier der Versicherungsschutz zu Ihnen und Ihren pers\u00f6nlichen Gegebenheiten passen.<\/p>\n<p style=\"text-align: justify;\">Gerne zeigen wir Ihnen auf, was Pflege in der N\u00e4he Ihres Wohnsitzes derzeit kostet. Gerne analysieren wir mit Ihnen zusammen, welche Mittel im Pflegefall zur Verf\u00fcgung stehen &#8212; und welche Versorgungsl\u00fccke sich im Leistungsfall auftun w\u00fcrde. Gerne informieren wir Sie \u00fcber die Unterhaltspflicht gegen\u00fcber Familienangeh\u00f6rigen, die R\u00fcckabwicklung von Schenkungen und andere Randgebiete, wenn es um Pflege geht.<\/p>\n<p style=\"text-align: justify;\">Verschlie\u00dfen Sie bitte nicht die Augen vor diesem Thema. Es ist zu wichtig und zu greifbar, als dass es nur die anderen treffen k\u00f6nnte. Pflegebed\u00fcrftigkeit kennt kein Alter, Pflegebed\u00fcrftigkeit kennt kein Geschlecht!<\/p>\n<p style=\"text-align: justify;\">Lassen Sie uns daher \u00fcber dieses wichtige Thema sprechen!<\/p>\n<\/div>\n<\/div>\n<\/div>\n<p><\/p>","protected":false},"excerpt":{"rendered":"<p>\u0418\u0437\u0432\u0438\u043d\u0438\u0442\u0435, \u044d\u0442\u043e\u0442 \u0442\u0435\u0445\u0442 \u0434\u043e\u0441\u0442\u0443\u043f\u0435\u043d \u0442\u043e\u043b\u044c\u043a\u043e \u0432 \u201cDeu\u201d. For the sake of viewer convenience, the content is shown below in the alternative language. You may click the link to switch the active language. Pflege-Bahr &#8212; die staatlich gef\u00f6rderte Pflege-Zusatzversicherung Seit Januar 2013 ist es nun endlich so weit: Vater Staat hat daf\u00fcr gesorgt, dass nahezu jeder [&hellip;]<\/p>\n","protected":false},"author":1,"featured_media":0,"parent":40,"menu_order":25,"comment_status":"closed","ping_status":"closed","template":"","meta":{"footnotes":""},"class_list":["post-164","page","type-page","status-publish","hentry"],"_links":{"self":[{"href":"https:\/\/all-finance.de\/ru\/wp-json\/wp\/v2\/pages\/164","targetHints":{"allow":["GET"]}}],"collection":[{"href":"https:\/\/all-finance.de\/ru\/wp-json\/wp\/v2\/pages"}],"about":[{"href":"https:\/\/all-finance.de\/ru\/wp-json\/wp\/v2\/types\/page"}],"author":[{"embeddable":true,"href":"https:\/\/all-finance.de\/ru\/wp-json\/wp\/v2\/users\/1"}],"replies":[{"embeddable":true,"href":"https:\/\/all-finance.de\/ru\/wp-json\/wp\/v2\/comments?post=164"}],"version-history":[{"count":2,"href":"https:\/\/all-finance.de\/ru\/wp-json\/wp\/v2\/pages\/164\/revisions"}],"predecessor-version":[{"id":327,"href":"https:\/\/all-finance.de\/ru\/wp-json\/wp\/v2\/pages\/164\/revisions\/327"}],"up":[{"embeddable":true,"href":"https:\/\/all-finance.de\/ru\/wp-json\/wp\/v2\/pages\/40"}],"wp:attachment":[{"href":"https:\/\/all-finance.de\/ru\/wp-json\/wp\/v2\/media?parent=164"}],"curies":[{"name":"wp","href":"https:\/\/api.w.org\/{rel}","templated":true}]}}