{"id":150,"date":"2016-03-15T12:03:21","date_gmt":"2016-03-15T09:03:21","guid":{"rendered":"http:\/\/all-finance.de\/?page_id=150"},"modified":"2017-04-11T15:31:12","modified_gmt":"2017-04-11T12:31:12","slug":"miet-ausfall-versicherung","status":"publish","type":"page","link":"https:\/\/all-finance.de\/ru\/privatkunden\/haus-recht\/miet-ausfall-versicherung\/","title":{"rendered":"\u0421\u0442\u0440\u0430\u0445\u043e\u0432\u0430\u043d\u0438\u0435 \u043a\u0432\u0430\u0440\u0442\u043f\u043b\u0430\u0442\u044b"},"content":{"rendered":"<p class=\"qtranxs-available-languages-message qtranxs-available-languages-message-ru\">\u0418\u0437\u0432\u0438\u043d\u0438\u0442\u0435, \u044d\u0442\u043e\u0442 \u0442\u0435\u0445\u0442 \u0434\u043e\u0441\u0442\u0443\u043f\u0435\u043d \u0442\u043e\u043b\u044c\u043a\u043e \u0432 \u201c<a href=\"https:\/\/all-finance.de\/de\/wp-json\/wp\/v2\/pages\/150\" class=\"qtranxs-available-language-link qtranxs-available-language-link-de\" title=\"Deu\">Deu<\/a>\u201d. For the sake of viewer convenience, the content is shown below in the alternative language. You may click the link to switch the active language.<\/p><p><\/p>\n<div class=\"home_top\">\n<h4 style=\"text-align: justify;\">Mietausfallversicherung oder auch Mietnomadenversicherung gennater Versicherungschutz.<\/h4>\n<p style=\"text-align: justify;\">Nicht selten sind bei Immobilienfinanzierungen laufende Mieteinnahmen fest einkalkuliert. Doch was passiert, wenn die Einnahmen ausbleiben oder durch Vandalismus sogar noch weitere Kosten hinzukommen? So genannte Mietnomaden zahlen die Miete nicht, lassen Wohnungen verkommen und suchen sich in einer Nacht- und Nebelaktion die n\u00e4chste Bleibe. Zur\u00fcck bleibt der Vermieter, der f\u00fcr den Schaden aufkommen muss. Gerade bei privaten Vermietern, die ihre Altersvorsorge mit der Immobilie sichern wollten, k\u00f6nnen Mietnomaden die Existenz bedrohen. Zu tragen kommt dieser Versicherungsschutz bei den oftmals hohen Folgekosten, die Mietnomaden durch Nichtzahlen der Miete bzw. Zerst\u00f6rung verursachen. In Abh\u00e4ngigkeit eines Mietausfallschadens wird f\u00fcr einen Mietausfall und Sachsch\u00e4den entsch\u00e4digt.<\/p>\n<div class=\"blocks2\">\n<div class=\"block\">\n<div id=\"attachment_1466\" style=\"width: 434px\" class=\"wp-caption alignnone\"><img loading=\"lazy\" decoding=\"async\" aria-describedby=\"caption-attachment-1466\" class=\"wp-image-1466 size-full\" src=\"http:\/\/all-finance.de\/wp-content\/uploads\/2017\/03\/Fotolia_36717587_XS.jpg\" alt=\"\" width=\"424\" height=\"283\" \/><p id=\"caption-attachment-1466\" class=\"wp-caption-text\">\u00a9 Gina Sanders, fotolia.com #36717587<\/p><\/div>\n<\/div>\n<div class=\"block_last\">\n<p style=\"text-align: justify;\"><strong>Versicherte Gefahren:<\/strong><\/p>\n<ul>\n<li>Mutwilligkeit<\/li>\n<li>Verwahrlosung z.B. durch unterlassenes L\u00fcften oder S\u00e4ubern oder den Tod des Mieters<\/li>\n<li>Befall von Ungeziefer, Ratten oder M\u00e4use, in Folge der durch die Verwahrlosung entstandenen Verunreinigung oder durch Tod des Mieters<\/li>\n<li>Aufr\u00e4um- oder Entsorgungskosten<\/li>\n<li>Dekontaminationskosten bei beh\u00f6rdlicher Anordnung<\/li>\n<li>Kosten f\u00fcr Reinigung, Renovierung und Desinfektion<\/li>\n<\/ul>\n<p style=\"text-align: justify;\"><strong>Nicht versichert sind:<\/strong><\/p>\n<ul>\n<li>Verschlei\u00df, Abnutzung<\/li>\n<li>Sch\u00e4den die \u00fcber eine Geb\u00e4udeversicherung abgedeckt werden k\u00f6nnen<\/li>\n<\/ul>\n<\/div>\n<\/div>\n<\/div>\n<p><\/p>","protected":false},"excerpt":{"rendered":"<p>\u0418\u0437\u0432\u0438\u043d\u0438\u0442\u0435, \u044d\u0442\u043e\u0442 \u0442\u0435\u0445\u0442 \u0434\u043e\u0441\u0442\u0443\u043f\u0435\u043d \u0442\u043e\u043b\u044c\u043a\u043e \u0432 \u201cDeu\u201d. For the sake of viewer convenience, the content is shown below in the alternative language. You may click the link to switch the active language. Mietausfallversicherung oder auch Mietnomadenversicherung gennater Versicherungschutz. Nicht selten sind bei Immobilienfinanzierungen laufende Mieteinnahmen fest einkalkuliert. Doch was passiert, wenn die Einnahmen ausbleiben oder [&hellip;]<\/p>\n","protected":false},"author":1,"featured_media":0,"parent":38,"menu_order":13,"comment_status":"closed","ping_status":"closed","template":"","meta":{"footnotes":""},"class_list":["post-150","page","type-page","status-publish","hentry"],"_links":{"self":[{"href":"https:\/\/all-finance.de\/ru\/wp-json\/wp\/v2\/pages\/150","targetHints":{"allow":["GET"]}}],"collection":[{"href":"https:\/\/all-finance.de\/ru\/wp-json\/wp\/v2\/pages"}],"about":[{"href":"https:\/\/all-finance.de\/ru\/wp-json\/wp\/v2\/types\/page"}],"author":[{"embeddable":true,"href":"https:\/\/all-finance.de\/ru\/wp-json\/wp\/v2\/users\/1"}],"replies":[{"embeddable":true,"href":"https:\/\/all-finance.de\/ru\/wp-json\/wp\/v2\/comments?post=150"}],"version-history":[{"count":4,"href":"https:\/\/all-finance.de\/ru\/wp-json\/wp\/v2\/pages\/150\/revisions"}],"predecessor-version":[{"id":419,"href":"https:\/\/all-finance.de\/ru\/wp-json\/wp\/v2\/pages\/150\/revisions\/419"}],"up":[{"embeddable":true,"href":"https:\/\/all-finance.de\/ru\/wp-json\/wp\/v2\/pages\/38"}],"wp:attachment":[{"href":"https:\/\/all-finance.de\/ru\/wp-json\/wp\/v2\/media?parent=150"}],"curies":[{"name":"wp","href":"https:\/\/api.w.org\/{rel}","templated":true}]}}